{"id":1524,"date":"2016-01-20T09:16:53","date_gmt":"2016-01-20T09:16:53","guid":{"rendered":"http:\/\/anpsthemes.com\/construction\/?page_id=1524"},"modified":"2023-05-17T12:13:07","modified_gmt":"2023-05-17T12:13:07","slug":"distribucion-y-montaje","status":"publish","type":"page","link":"https:\/\/realrefrigeracion.com\/en\/distribucion-y-montaje\/","title":{"rendered":"DISTRIBUTION AND ASSEMBLY"},"content":{"rendered":"<div data-elementor-type=\"wp-page\" data-elementor-id=\"1524\" class=\"elementor elementor-1524\">\n\t\t\t\t\t\t\t\t\t<section class=\"elementor-section elementor-top-section elementor-element elementor-element-3e3bafa elementor-section-boxed elementor-section-height-default elementor-section-height-default wpr-particle-no wpr-jarallax-no wpr-parallax-no wpr-sticky-section-no\" data-id=\"3e3bafa\" data-element_type=\"section\">\n\t\t\t\t\t\t<div class=\"elementor-container elementor-column-gap-default\">\n\t\t\t\t\t<div class=\"elementor-column elementor-col-100 elementor-top-column elementor-element elementor-element-2e730e5\" data-id=\"2e730e5\" data-element_type=\"column\">\n\t\t\t<div class=\"elementor-widget-wrap elementor-element-populated\">\n\t\t\t\t\t\t\t\t<section class=\"elementor-section elementor-inner-section elementor-element elementor-element-684a0c7 elementor-section-boxed elementor-section-height-default elementor-section-height-default wpr-particle-no wpr-jarallax-no wpr-parallax-no wpr-sticky-section-no\" data-id=\"684a0c7\" data-element_type=\"section\">\n\t\t\t\t\t\t<div class=\"elementor-container elementor-column-gap-default\">\n\t\t\t\t\t<div class=\"elementor-column elementor-col-50 elementor-inner-column elementor-element elementor-element-0746e28\" data-id=\"0746e28\" data-element_type=\"column\">\n\t\t\t<div class=\"elementor-widget-wrap elementor-element-populated\">\n\t\t\t\t\t\t\t\t<div class=\"elementor-element elementor-element-8e6c19c elementor-widget__width-auto elementor-widget elementor-widget-image\" data-id=\"8e6c19c\" data-element_type=\"widget\" data-widget_type=\"image.default\">\n\t\t\t\t<div class=\"elementor-widget-container\">\n\t\t\t<style>\/*! elementor - v3.15.0 - 09-08-2023 *\/\n.elementor-widget-image{text-align:center}.elementor-widget-image a{display:inline-block}.elementor-widget-image a img[src$=\".svg\"]{width:48px}.elementor-widget-image img{vertical-align:middle;display:inline-block}<\/style>\t\t\t\t\t\t\t\t\t\t\t\t<img loading=\"lazy\" decoding=\"async\" width=\"1024\" height=\"589\" src=\"https:\/\/realrefrigeracion.com\/wp-content\/uploads\/2023\/04\/dyt-img-service-1024x589-1.jpg\" class=\"attachment-1536x1536 size-1536x1536 wp-image-3781\" alt=\"Distribuidor, montaje de equipos para la hosteleria\" srcset=\"https:\/\/realrefrigeracion.com\/wp-content\/uploads\/2023\/04\/dyt-img-service-1024x589-1.jpg 1024w, https:\/\/realrefrigeracion.com\/wp-content\/uploads\/2023\/04\/dyt-img-service-1024x589-1-300x173.jpg 300w, https:\/\/realrefrigeracion.com\/wp-content\/uploads\/2023\/04\/dyt-img-service-1024x589-1-768x442.jpg 768w, https:\/\/realrefrigeracion.com\/wp-content\/uploads\/2023\/04\/dyt-img-service-1024x589-1-18x10.jpg 18w\" sizes=\"auto, (max-width: 1024px) 100vw, 1024px\" \/>\t\t\t\t\t\t\t\t\t\t\t\t\t\t\t<\/div>\n\t\t\t\t<\/div>\n\t\t\t\t<div class=\"elementor-element elementor-element-b817826 elementor-widget elementor-widget-text-editor\" data-id=\"b817826\" data-element_type=\"widget\" data-widget_type=\"text-editor.default\">\n\t\t\t\t<div class=\"elementor-widget-container\">\n\t\t\t<style>\/*! elementor - v3.15.0 - 09-08-2023 *\/\n.elementor-widget-text-editor.elementor-drop-cap-view-stacked .elementor-drop-cap{background-color:#69727d;color:#fff}.elementor-widget-text-editor.elementor-drop-cap-view-framed .elementor-drop-cap{color:#69727d;border:3px solid;background-color:transparent}.elementor-widget-text-editor:not(.elementor-drop-cap-view-default) .elementor-drop-cap{margin-top:8px}.elementor-widget-text-editor:not(.elementor-drop-cap-view-default) .elementor-drop-cap-letter{width:1em;height:1em}.elementor-widget-text-editor .elementor-drop-cap{float:left;text-align:center;line-height:1;font-size:50px}.elementor-widget-text-editor .elementor-drop-cap-letter{display:inline-block}<\/style>\t\t\t\t<h2 class=\"vc_custom_heading title\">FIRST BRANDS<\/h2><div class=\"wpb_text_column wpb_content_element\"><div class=\"wpb_wrapper\"><p>Since our beginnings in the year 2000, at Refrigeraci\u00f3n Alcala\u00edna Real SL we have dedicated ourselves to the sale and distribution of the best brands specialized in machinery and specific furniture for the hospitality industry.<\/p><\/div><\/div><div class=\"wpb_text_column wpb_content_element\"><div class=\"wpb_wrapper\"><p>We have a wide range of brands of which we offer products that adapt to the needs of each client, from machinery and furniture for bars, restaurants and hotels, as well as bakeries, pastry shops and ice cream parlors.<\/p><\/div><\/div>\t\t\t\t\t\t<\/div>\n\t\t\t\t<\/div>\n\t\t\t\t\t<\/div>\n\t\t<\/div>\n\t\t\t\t<div class=\"elementor-column elementor-col-50 elementor-inner-column elementor-element elementor-element-201f365\" data-id=\"201f365\" data-element_type=\"column\">\n\t\t\t<div class=\"elementor-widget-wrap elementor-element-populated\">\n\t\t\t\t\t\t\t\t<div class=\"elementor-element elementor-element-e23c44e elementor-widget elementor-widget-text-editor\" data-id=\"e23c44e\" data-element_type=\"widget\" data-widget_type=\"text-editor.default\">\n\t\t\t\t<div class=\"elementor-widget-container\">\n\t\t\t\t\t\t\t<div class=\"wpb_text_column wpb_content_element\"><div class=\"wpb_wrapper\"><h2 class=\"vc_custom_heading title\">PROFESSIONAL CERTIFICATES<\/h2><div class=\"wpb_text_column wpb_content_element\"><div class=\"wpb_wrapper\"><p>-Building thermal installation installation company (rite)<br \/>-Maintenance company for thermal installations in buildings (rite)<br \/>-Level 1 refrigeration installation company<br \/>-Certificate of installation, maintenance and repair company of fixed refrigeration, air conditioning and heat pump devices<br \/>-Certificate of handling equipment with refrigeration systems of any fluorinated refrigerant charge<br \/>-Company responsible for industrial safety services (RIIA)<\/p><\/div><\/div><\/div><\/div>\t\t\t\t\t\t<\/div>\n\t\t\t\t<\/div>\n\t\t\t\t<div class=\"elementor-element elementor-element-bf0d36f elementor-widget elementor-widget-text-editor\" data-id=\"bf0d36f\" data-element_type=\"widget\" data-widget_type=\"text-editor.default\">\n\t\t\t\t<div class=\"elementor-widget-container\">\n\t\t\t\t\t\t\t<h2 class=\"vc_custom_heading title\">COMPLETE INSTALLATIONS<\/h2><div class=\"wpb_text_column wpb_content_element\"><div class=\"wpb_wrapper\"><p>When it comes to complete facilities or specific machinery, we assemble all the machinery and furniture and its corresponding start-up, giving the client a complete service, in addition to the assembly of both freezing and refrigerated chambers, dryers, and industrial refrigeration.<\/p><\/div><\/div>\t\t\t\t\t\t<\/div>\n\t\t\t\t<\/div>\n\t\t\t\t\t<\/div>\n\t\t<\/div>\n\t\t\t\t\t\t\t<\/div>\n\t\t<\/section>\n\t\t\t\t<div class=\"elementor-element elementor-element-07c9d45 elementor-widget elementor-widget-text-editor\" data-id=\"07c9d45\" data-element_type=\"widget\" data-widget_type=\"text-editor.default\">\n\t\t\t\t<div class=\"elementor-widget-container\">\n\t\t\t\t\t\t\t<h2 class=\"vc_custom_heading title\">ON-LINE SHOP<\/h2><div class=\"wpb_text_column wpb_content_element\"><div class=\"wpb_wrapper\"><p>If you are also interested in some of our products but do not need an installation, you can find our entire catalog of products in our virtual store\u00a0<a href=\"https:\/\/www.vitrinashosteleria.com\/\">VitrinasHosteleria.com<\/a><\/p><\/div><\/div>\t\t\t\t\t\t<\/div>\n\t\t\t\t<\/div>\n\t\t\t\t<div class=\"elementor-element elementor-element-95a66d8 elementor-widget elementor-widget-image\" data-id=\"95a66d8\" data-element_type=\"widget\" data-widget_type=\"image.default\">\n\t\t\t\t<div class=\"elementor-widget-container\">\n\t\t\t\t\t\t\t\t\t\t\t\t\t\t\t\t<a href=\"https:\/\/vitrinashosteleria.com\/es\/\">\n\t\t\t\t\t\t\t<img loading=\"lazy\" decoding=\"async\" width=\"300\" height=\"51\" src=\"https:\/\/realrefrigeracion.com\/wp-content\/uploads\/2023\/04\/logo-vitrinashosteleria_Mesa-de-trabajo-1-300x51-1.png\" class=\"attachment-large size-large wp-image-3782\" alt=\"Visite nuestra de la tienda online vitrinashosteleria\" srcset=\"https:\/\/realrefrigeracion.com\/wp-content\/uploads\/2023\/04\/logo-vitrinashosteleria_Mesa-de-trabajo-1-300x51-1.png 300w, https:\/\/realrefrigeracion.com\/wp-content\/uploads\/2023\/04\/logo-vitrinashosteleria_Mesa-de-trabajo-1-300x51-1-18x3.png 18w\" sizes=\"auto, (max-width: 300px) 100vw, 300px\" \/>\t\t\t\t\t\t\t\t<\/a>\n\t\t\t\t\t\t\t\t\t\t\t\t\t\t\t<\/div>\n\t\t\t\t<\/div>\n\t\t\t\t<div class=\"elementor-element elementor-element-b1a0839 elementor-widget elementor-widget-spacer\" data-id=\"b1a0839\" data-element_type=\"widget\" data-widget_type=\"spacer.default\">\n\t\t\t\t<div class=\"elementor-widget-container\">\n\t\t\t<style>\/*! elementor - v3.15.0 - 09-08-2023 *\/\n.elementor-column .elementor-spacer-inner{height:var(--spacer-size)}.e-con{--container-widget-width:100%}.e-con-inner>.elementor-widget-spacer,.e-con>.elementor-widget-spacer{width:var(--container-widget-width,var(--spacer-size));--align-self:var(--container-widget-align-self,initial);--flex-shrink:0}.e-con-inner>.elementor-widget-spacer>.elementor-widget-container,.e-con-inner>.elementor-widget-spacer>.elementor-widget-container>.elementor-spacer,.e-con>.elementor-widget-spacer>.elementor-widget-container,.e-con>.elementor-widget-spacer>.elementor-widget-container>.elementor-spacer{height:100%}.e-con-inner>.elementor-widget-spacer>.elementor-widget-container>.elementor-spacer>.elementor-spacer-inner,.e-con>.elementor-widget-spacer>.elementor-widget-container>.elementor-spacer>.elementor-spacer-inner{height:var(--container-widget-height,var(--spacer-size))}<\/style>\t\t<div class=\"elementor-spacer\">\n\t\t\t<div class=\"elementor-spacer-inner\"><\/div>\n\t\t<\/div>\n\t\t\t\t<\/div>\n\t\t\t\t<\/div>\n\t\t\t\t\t<\/div>\n\t\t<\/div>\n\t\t\t\t\t\t\t<\/div>\n\t\t<\/section>\n\t\t\t\t\t\t\t<\/div>","protected":false},"excerpt":{"rendered":"<p>PRIMERAS MARCAS Desde nuestros comienzos en el a\u00f1o 2000, en Refrigeraci\u00f3n Alcala\u00edna Real S.L. nos hemos dedicado a la venta y distribuci\u00f3n de las mejores marcas especializadas en maquinaria y mobiliario espec\u00edfico para hosteler\u00eda. Disponemos de una amplia gama de marcas de las cuales ofrecemos productos que se adaptan a las necesidades de cada cliente, desde maquinaria y mobiliario para bares, restaurantes y hoteles, as\u00ed como para panader\u00edas, pasteler\u00edas y helader\u00edas. CERTIFICADOS PROFESIONALES -Empresa instaladora de instalaciones t\u00e9rmicas de edificios (rite)-Empresa mantenedora de instalaciones t\u00e9rmicas de edificios (rite)-Empresa instaladora frigorista nivel 1-Certificado de empresa instaladora mantenedora y reparadora de aparatos fijo de refrigeraci\u00f3n aire acondicionado y bomba de calor-Certificado de manipulaci\u00f3n de equipos con sistemas frigor\u00edficos de cualquier carga de refrigerante fluorados-Empresa responsable de servicios en materia de seguridad industrial (riia) INSTALACIONES COMPLETAS Cuando se trata de instalaciones completas o maquinaria espec\u00edfica realizamos el montaje de toda la maquinaria y mobiliario y su correspondiente puesta en marcha dando al cliente un servicio completo, adem\u00e1s del montaje de c\u00e1maras tanto de congelaci\u00f3n como refrigeradas, secaderos y fr\u00edo industrial. TIENDA VIRTUAL Si tambi\u00e9n estas interesados en algunos de nuestros productos pero no necesit\u00e1is una instalaci\u00f3n, pod\u00e9is encontrar todo nuestro cat\u00e1logo de productos en nuestra tienda virtual\u00a0VitrinasHosteleria.com<\/p>","protected":false},"author":1,"featured_media":0,"parent":0,"menu_order":0,"comment_status":"closed","ping_status":"closed","template":"","meta":{"neve_meta_sidebar":"","neve_meta_container":"","neve_meta_enable_content_width":"","neve_meta_content_width":0,"neve_meta_title_alignment":"","neve_meta_author_avatar":"","neve_post_elements_order":"","neve_meta_disable_header":"","neve_meta_disable_footer":"","neve_meta_disable_title":"","_themeisle_gutenberg_block_has_review":false,"_ti_tpc_template_sync":false,"_ti_tpc_template_id":"","footnotes":""},"class_list":["post-1524","page","type-page","status-publish","hentry"],"yoast_head":"<!-- This site is optimized with the Yoast SEO plugin v27.4 - https:\/\/yoast.com\/product\/yoast-seo-wordpress\/ -->\n<title>DISTRIBUCI\u00d3N Y MONTAJE - Real Refrigeraci\u00f3n \u2013 Fabricante de hosteler\u00eda<\/title>\n<meta name=\"robots\" content=\"index, follow, max-snippet:-1, max-image-preview:large, max-video-preview:-1\" \/>\n<link rel=\"canonical\" href=\"https:\/\/realrefrigeracion.com\/en\/distribucion-y-montaje\/\" \/>\n<meta property=\"og:locale\" content=\"en_GB\" \/>\n<meta property=\"og:type\" content=\"article\" \/>\n<meta property=\"og:title\" content=\"DISTRIBUCI\u00d3N Y MONTAJE - Real Refrigeraci\u00f3n \u2013 Fabricante de hosteler\u00eda\" \/>\n<meta property=\"og:description\" content=\"PRIMERAS MARCAS Desde nuestros comienzos en el a\u00f1o 2000, en Refrigeraci\u00f3n Alcala\u00edna Real S.L. nos hemos dedicado a la venta y distribuci\u00f3n de las mejores marcas especializadas en maquinaria y mobiliario espec\u00edfico para hosteler\u00eda. Disponemos de una amplia gama de marcas de las cuales ofrecemos productos que se adaptan a las necesidades de cada cliente, desde maquinaria y mobiliario para bares, restaurantes y hoteles, as\u00ed como para panader\u00edas, pasteler\u00edas y helader\u00edas. CERTIFICADOS PROFESIONALES -Empresa instaladora de instalaciones t\u00e9rmicas de edificios (rite)-Empresa mantenedora de instalaciones t\u00e9rmicas de edificios (rite)-Empresa instaladora frigorista nivel 1-Certificado de empresa instaladora mantenedora y reparadora de aparatos fijo de refrigeraci\u00f3n aire acondicionado y bomba de calor-Certificado de manipulaci\u00f3n de equipos con sistemas frigor\u00edficos de cualquier carga de refrigerante fluorados-Empresa responsable de servicios en materia de seguridad industrial (riia) INSTALACIONES COMPLETAS Cuando se trata de instalaciones completas o maquinaria espec\u00edfica realizamos el montaje de toda la maquinaria y mobiliario y su correspondiente puesta en marcha dando al cliente un servicio completo, adem\u00e1s del montaje de c\u00e1maras tanto de congelaci\u00f3n como refrigeradas, secaderos y fr\u00edo industrial. TIENDA VIRTUAL Si tambi\u00e9n estas interesados en algunos de nuestros productos pero no necesit\u00e1is una instalaci\u00f3n, pod\u00e9is encontrar todo nuestro cat\u00e1logo de productos en nuestra tienda virtual\u00a0VitrinasHosteleria.com\" \/>\n<meta property=\"og:url\" content=\"https:\/\/realrefrigeracion.com\/en\/distribucion-y-montaje\/\" \/>\n<meta property=\"og:site_name\" content=\"Real Refrigeraci\u00f3n \u2013 Fabricante de hosteler\u00eda\" \/>\n<meta property=\"article:modified_time\" content=\"2023-05-17T12:13:07+00:00\" \/>\n<meta property=\"og:image\" content=\"https:\/\/realrefrigeracion.com\/wp-content\/uploads\/2023\/04\/dyt-img-service-1024x589-1.jpg\" \/>\n<meta name=\"twitter:card\" content=\"summary_large_image\" \/>\n<meta name=\"twitter:label1\" content=\"Estimated reading time\" \/>\n\t<meta name=\"twitter:data1\" content=\"2 minutes\" \/>\n<script type=\"application\/ld+json\" class=\"yoast-schema-graph\">{\"@context\":\"https:\\\/\\\/schema.org\",\"@graph\":[{\"@type\":\"WebPage\",\"@id\":\"https:\\\/\\\/realrefrigeracion.com\\\/distribucion-y-montaje\\\/\",\"url\":\"https:\\\/\\\/realrefrigeracion.com\\\/distribucion-y-montaje\\\/\",\"name\":\"DISTRIBUCI\u00d3N Y MONTAJE - Real Refrigeraci\u00f3n \u2013 Fabricante de hosteler\u00eda\",\"isPartOf\":{\"@id\":\"https:\\\/\\\/realrefrigeracion.com\\\/#website\"},\"primaryImageOfPage\":{\"@id\":\"https:\\\/\\\/realrefrigeracion.com\\\/distribucion-y-montaje\\\/#primaryimage\"},\"image\":{\"@id\":\"https:\\\/\\\/realrefrigeracion.com\\\/distribucion-y-montaje\\\/#primaryimage\"},\"thumbnailUrl\":\"https:\\\/\\\/realrefrigeracion.com\\\/wp-content\\\/uploads\\\/2023\\\/04\\\/dyt-img-service-1024x589-1.jpg\",\"datePublished\":\"2016-01-20T09:16:53+00:00\",\"dateModified\":\"2023-05-17T12:13:07+00:00\",\"breadcrumb\":{\"@id\":\"https:\\\/\\\/realrefrigeracion.com\\\/distribucion-y-montaje\\\/#breadcrumb\"},\"inLanguage\":\"en-GB\",\"potentialAction\":[{\"@type\":\"ReadAction\",\"target\":[\"https:\\\/\\\/realrefrigeracion.com\\\/distribucion-y-montaje\\\/\"]}]},{\"@type\":\"ImageObject\",\"inLanguage\":\"en-GB\",\"@id\":\"https:\\\/\\\/realrefrigeracion.com\\\/distribucion-y-montaje\\\/#primaryimage\",\"url\":\"https:\\\/\\\/realrefrigeracion.com\\\/wp-content\\\/uploads\\\/2023\\\/04\\\/dyt-img-service-1024x589-1.jpg\",\"contentUrl\":\"https:\\\/\\\/realrefrigeracion.com\\\/wp-content\\\/uploads\\\/2023\\\/04\\\/dyt-img-service-1024x589-1.jpg\"},{\"@type\":\"BreadcrumbList\",\"@id\":\"https:\\\/\\\/realrefrigeracion.com\\\/distribucion-y-montaje\\\/#breadcrumb\",\"itemListElement\":[{\"@type\":\"ListItem\",\"position\":1,\"name\":\"Portada\",\"item\":\"https:\\\/\\\/realrefrigeracion.com\\\/\"},{\"@type\":\"ListItem\",\"position\":2,\"name\":\"DISTRIBUCI\u00d3N Y MONTAJE\"}]},{\"@type\":\"WebSite\",\"@id\":\"https:\\\/\\\/realrefrigeracion.com\\\/#website\",\"url\":\"https:\\\/\\\/realrefrigeracion.com\\\/\",\"name\":\"Real Refrigeraci\u00f3n \u2013 Fabricante de hosteler\u00eda\",\"description\":\"\",\"publisher\":{\"@id\":\"https:\\\/\\\/realrefrigeracion.com\\\/#organization\"},\"potentialAction\":[{\"@type\":\"SearchAction\",\"target\":{\"@type\":\"EntryPoint\",\"urlTemplate\":\"https:\\\/\\\/realrefrigeracion.com\\\/?s={search_term_string}\"},\"query-input\":{\"@type\":\"PropertyValueSpecification\",\"valueRequired\":true,\"valueName\":\"search_term_string\"}}],\"inLanguage\":\"en-GB\"},{\"@type\":\"Organization\",\"@id\":\"https:\\\/\\\/realrefrigeracion.com\\\/#organization\",\"name\":\"Real Refrigeraci\u00f3n \u2013 Fabricante de hosteler\u00eda\",\"url\":\"https:\\\/\\\/realrefrigeracion.com\\\/\",\"logo\":{\"@type\":\"ImageObject\",\"inLanguage\":\"en-GB\",\"@id\":\"https:\\\/\\\/realrefrigeracion.com\\\/#\\\/schema\\\/logo\\\/image\\\/\",\"url\":\"https:\\\/\\\/realrefrigeracion.com\\\/wp-content\\\/uploads\\\/2021\\\/02\\\/logo-neve.svg\",\"contentUrl\":\"https:\\\/\\\/realrefrigeracion.com\\\/wp-content\\\/uploads\\\/2021\\\/02\\\/logo-neve.svg\",\"caption\":\"Real Refrigeraci\u00f3n \u2013 Fabricante de hosteler\u00eda\"},\"image\":{\"@id\":\"https:\\\/\\\/realrefrigeracion.com\\\/#\\\/schema\\\/logo\\\/image\\\/\"}}]}<\/script>\n<!-- \/ Yoast SEO plugin. -->","yoast_head_json":{"title":"DISTRIBUCI\u00d3N Y MONTAJE - Real Refrigeraci\u00f3n \u2013 Fabricante de hosteler\u00eda","robots":{"index":"index","follow":"follow","max-snippet":"max-snippet:-1","max-image-preview":"max-image-preview:large","max-video-preview":"max-video-preview:-1"},"canonical":"https:\/\/realrefrigeracion.com\/en\/distribucion-y-montaje\/","og_locale":"en_GB","og_type":"article","og_title":"DISTRIBUCI\u00d3N Y MONTAJE - Real Refrigeraci\u00f3n \u2013 Fabricante de hosteler\u00eda","og_description":"PRIMERAS MARCAS Desde nuestros comienzos en el a\u00f1o 2000, en Refrigeraci\u00f3n Alcala\u00edna Real S.L. nos hemos dedicado a la venta y distribuci\u00f3n de las mejores marcas especializadas en maquinaria y mobiliario espec\u00edfico para hosteler\u00eda. Disponemos de una amplia gama de marcas de las cuales ofrecemos productos que se adaptan a las necesidades de cada cliente, desde maquinaria y mobiliario para bares, restaurantes y hoteles, as\u00ed como para panader\u00edas, pasteler\u00edas y helader\u00edas. CERTIFICADOS PROFESIONALES -Empresa instaladora de instalaciones t\u00e9rmicas de edificios (rite)-Empresa mantenedora de instalaciones t\u00e9rmicas de edificios (rite)-Empresa instaladora frigorista nivel 1-Certificado de empresa instaladora mantenedora y reparadora de aparatos fijo de refrigeraci\u00f3n aire acondicionado y bomba de calor-Certificado de manipulaci\u00f3n de equipos con sistemas frigor\u00edficos de cualquier carga de refrigerante fluorados-Empresa responsable de servicios en materia de seguridad industrial (riia) INSTALACIONES COMPLETAS Cuando se trata de instalaciones completas o maquinaria espec\u00edfica realizamos el montaje de toda la maquinaria y mobiliario y su correspondiente puesta en marcha dando al cliente un servicio completo, adem\u00e1s del montaje de c\u00e1maras tanto de congelaci\u00f3n como refrigeradas, secaderos y fr\u00edo industrial. TIENDA VIRTUAL Si tambi\u00e9n estas interesados en algunos de nuestros productos pero no necesit\u00e1is una instalaci\u00f3n, pod\u00e9is encontrar todo nuestro cat\u00e1logo de productos en nuestra tienda virtual\u00a0VitrinasHosteleria.com","og_url":"https:\/\/realrefrigeracion.com\/en\/distribucion-y-montaje\/","og_site_name":"Real Refrigeraci\u00f3n \u2013 Fabricante de hosteler\u00eda","article_modified_time":"2023-05-17T12:13:07+00:00","og_image":[{"url":"https:\/\/realrefrigeracion.com\/wp-content\/uploads\/2023\/04\/dyt-img-service-1024x589-1.jpg","type":"","width":"","height":""}],"twitter_card":"summary_large_image","twitter_misc":{"Estimated reading time":"2 minutes"},"schema":{"@context":"https:\/\/schema.org","@graph":[{"@type":"WebPage","@id":"https:\/\/realrefrigeracion.com\/distribucion-y-montaje\/","url":"https:\/\/realrefrigeracion.com\/distribucion-y-montaje\/","name":"DISTRIBUCI\u00d3N Y MONTAJE - Real Refrigeraci\u00f3n \u2013 Fabricante de hosteler\u00eda","isPartOf":{"@id":"https:\/\/realrefrigeracion.com\/#website"},"primaryImageOfPage":{"@id":"https:\/\/realrefrigeracion.com\/distribucion-y-montaje\/#primaryimage"},"image":{"@id":"https:\/\/realrefrigeracion.com\/distribucion-y-montaje\/#primaryimage"},"thumbnailUrl":"https:\/\/realrefrigeracion.com\/wp-content\/uploads\/2023\/04\/dyt-img-service-1024x589-1.jpg","datePublished":"2016-01-20T09:16:53+00:00","dateModified":"2023-05-17T12:13:07+00:00","breadcrumb":{"@id":"https:\/\/realrefrigeracion.com\/distribucion-y-montaje\/#breadcrumb"},"inLanguage":"en-GB","potentialAction":[{"@type":"ReadAction","target":["https:\/\/realrefrigeracion.com\/distribucion-y-montaje\/"]}]},{"@type":"ImageObject","inLanguage":"en-GB","@id":"https:\/\/realrefrigeracion.com\/distribucion-y-montaje\/#primaryimage","url":"https:\/\/realrefrigeracion.com\/wp-content\/uploads\/2023\/04\/dyt-img-service-1024x589-1.jpg","contentUrl":"https:\/\/realrefrigeracion.com\/wp-content\/uploads\/2023\/04\/dyt-img-service-1024x589-1.jpg"},{"@type":"BreadcrumbList","@id":"https:\/\/realrefrigeracion.com\/distribucion-y-montaje\/#breadcrumb","itemListElement":[{"@type":"ListItem","position":1,"name":"Portada","item":"https:\/\/realrefrigeracion.com\/"},{"@type":"ListItem","position":2,"name":"DISTRIBUCI\u00d3N Y MONTAJE"}]},{"@type":"WebSite","@id":"https:\/\/realrefrigeracion.com\/#website","url":"https:\/\/realrefrigeracion.com\/","name":"Real Refrigeraci\u00f3n \u2013 Fabricante de hosteler\u00eda","description":"","publisher":{"@id":"https:\/\/realrefrigeracion.com\/#organization"},"potentialAction":[{"@type":"SearchAction","target":{"@type":"EntryPoint","urlTemplate":"https:\/\/realrefrigeracion.com\/?s={search_term_string}"},"query-input":{"@type":"PropertyValueSpecification","valueRequired":true,"valueName":"search_term_string"}}],"inLanguage":"en-GB"},{"@type":"Organization","@id":"https:\/\/realrefrigeracion.com\/#organization","name":"Real Refrigeraci\u00f3n \u2013 Fabricante de hosteler\u00eda","url":"https:\/\/realrefrigeracion.com\/","logo":{"@type":"ImageObject","inLanguage":"en-GB","@id":"https:\/\/realrefrigeracion.com\/#\/schema\/logo\/image\/","url":"https:\/\/realrefrigeracion.com\/wp-content\/uploads\/2021\/02\/logo-neve.svg","contentUrl":"https:\/\/realrefrigeracion.com\/wp-content\/uploads\/2021\/02\/logo-neve.svg","caption":"Real Refrigeraci\u00f3n \u2013 Fabricante de hosteler\u00eda"},"image":{"@id":"https:\/\/realrefrigeracion.com\/#\/schema\/logo\/image\/"}}]}},"_links":{"self":[{"href":"https:\/\/realrefrigeracion.com\/en\/wp-json\/wp\/v2\/pages\/1524","targetHints":{"allow":["GET"]}}],"collection":[{"href":"https:\/\/realrefrigeracion.com\/en\/wp-json\/wp\/v2\/pages"}],"about":[{"href":"https:\/\/realrefrigeracion.com\/en\/wp-json\/wp\/v2\/types\/page"}],"author":[{"embeddable":true,"href":"https:\/\/realrefrigeracion.com\/en\/wp-json\/wp\/v2\/users\/1"}],"replies":[{"embeddable":true,"href":"https:\/\/realrefrigeracion.com\/en\/wp-json\/wp\/v2\/comments?post=1524"}],"version-history":[{"count":20,"href":"https:\/\/realrefrigeracion.com\/en\/wp-json\/wp\/v2\/pages\/1524\/revisions"}],"predecessor-version":[{"id":4011,"href":"https:\/\/realrefrigeracion.com\/en\/wp-json\/wp\/v2\/pages\/1524\/revisions\/4011"}],"wp:attachment":[{"href":"https:\/\/realrefrigeracion.com\/en\/wp-json\/wp\/v2\/media?parent=1524"}],"curies":[{"name":"wp","href":"https:\/\/api.w.org\/{rel}","templated":true}]}}