{"id":1522,"date":"2016-01-20T09:15:00","date_gmt":"2016-01-20T09:15:00","guid":{"rendered":"http:\/\/anpsthemes.com\/construction\/?page_id=1522"},"modified":"2023-05-17T12:15:01","modified_gmt":"2023-05-17T12:15:01","slug":"sat","status":"publish","type":"page","link":"https:\/\/realrefrigeracion.com\/en\/sat\/","title":{"rendered":"SAT TECHNICAL SERVICE"},"content":{"rendered":"<div data-elementor-type=\"wp-page\" data-elementor-id=\"1522\" class=\"elementor elementor-1522\">\n\t\t\t\t\t\t\t\t\t<section class=\"elementor-section elementor-top-section elementor-element elementor-element-488f69e elementor-section-boxed elementor-section-height-default elementor-section-height-default wpr-particle-no wpr-jarallax-no wpr-parallax-no wpr-sticky-section-no\" data-id=\"488f69e\" data-element_type=\"section\">\n\t\t\t\t\t\t<div class=\"elementor-container elementor-column-gap-default\">\n\t\t\t\t\t<div class=\"elementor-column elementor-col-100 elementor-top-column elementor-element elementor-element-d080890\" data-id=\"d080890\" data-element_type=\"column\">\n\t\t\t<div class=\"elementor-widget-wrap elementor-element-populated\">\n\t\t\t\t\t\t\t\t<section class=\"elementor-section elementor-inner-section elementor-element elementor-element-4b0729a elementor-section-boxed elementor-section-height-default elementor-section-height-default wpr-particle-no wpr-jarallax-no wpr-parallax-no wpr-sticky-section-no\" data-id=\"4b0729a\" data-element_type=\"section\">\n\t\t\t\t\t\t<div class=\"elementor-container elementor-column-gap-default\">\n\t\t\t\t\t<div class=\"elementor-column elementor-col-50 elementor-inner-column elementor-element elementor-element-6a5391e\" data-id=\"6a5391e\" data-element_type=\"column\">\n\t\t\t<div class=\"elementor-widget-wrap elementor-element-populated\">\n\t\t\t\t\t\t\t\t<div class=\"elementor-element elementor-element-1b4cde7 elementor-widget__width-auto elementor-widget elementor-widget-image\" data-id=\"1b4cde7\" data-element_type=\"widget\" data-widget_type=\"image.default\">\n\t\t\t\t<div class=\"elementor-widget-container\">\n\t\t\t<style>\/*! elementor - v3.15.0 - 09-08-2023 *\/\n.elementor-widget-image{text-align:center}.elementor-widget-image a{display:inline-block}.elementor-widget-image a img[src$=\".svg\"]{width:48px}.elementor-widget-image img{vertical-align:middle;display:inline-block}<\/style>\t\t\t\t\t\t\t\t\t\t\t\t<img loading=\"lazy\" decoding=\"async\" width=\"1024\" height=\"589\" src=\"https:\/\/realrefrigeracion.com\/wp-content\/uploads\/2023\/04\/SAT-img-service-1024x589-1.jpg\" class=\"attachment-large size-large wp-image-3777\" alt=\"Servicio t\u00e9cnico SAT , realrefrigeraci\u00f3n\" srcset=\"https:\/\/realrefrigeracion.com\/wp-content\/uploads\/2023\/04\/SAT-img-service-1024x589-1.jpg 1024w, https:\/\/realrefrigeracion.com\/wp-content\/uploads\/2023\/04\/SAT-img-service-1024x589-1-300x173.jpg 300w, https:\/\/realrefrigeracion.com\/wp-content\/uploads\/2023\/04\/SAT-img-service-1024x589-1-768x442.jpg 768w, https:\/\/realrefrigeracion.com\/wp-content\/uploads\/2023\/04\/SAT-img-service-1024x589-1-18x10.jpg 18w\" sizes=\"auto, (max-width: 1024px) 100vw, 1024px\" \/>\t\t\t\t\t\t\t\t\t\t\t\t\t\t\t<\/div>\n\t\t\t\t<\/div>\n\t\t\t\t<div class=\"elementor-element elementor-element-cd03a17 elementor-widget elementor-widget-text-editor\" data-id=\"cd03a17\" data-element_type=\"widget\" data-widget_type=\"text-editor.default\">\n\t\t\t\t<div class=\"elementor-widget-container\">\n\t\t\t<style>\/*! elementor - v3.15.0 - 09-08-2023 *\/\n.elementor-widget-text-editor.elementor-drop-cap-view-stacked .elementor-drop-cap{background-color:#69727d;color:#fff}.elementor-widget-text-editor.elementor-drop-cap-view-framed .elementor-drop-cap{color:#69727d;border:3px solid;background-color:transparent}.elementor-widget-text-editor:not(.elementor-drop-cap-view-default) .elementor-drop-cap{margin-top:8px}.elementor-widget-text-editor:not(.elementor-drop-cap-view-default) .elementor-drop-cap-letter{width:1em;height:1em}.elementor-widget-text-editor .elementor-drop-cap{float:left;text-align:center;line-height:1;font-size:50px}.elementor-widget-text-editor .elementor-drop-cap-letter{display:inline-block}<\/style>\t\t\t\t<p>Our company offers technical service both for its own manufacturing machinery, as well as for all catering equipment such as coffee makers, refrigerated cabinets, dishwashers and the entire range of industrial refrigeration, providing specific spare parts and commissioning of the equipment and products.<\/p>\t\t\t\t\t\t<\/div>\n\t\t\t\t<\/div>\n\t\t\t\t<div class=\"elementor-element elementor-element-7dbdf91 elementor-widget elementor-widget-text-editor\" data-id=\"7dbdf91\" data-element_type=\"widget\" data-widget_type=\"text-editor.default\">\n\t\t\t\t<div class=\"elementor-widget-container\">\n\t\t\t\t\t\t\t<h2 class=\"vc_custom_heading title\">DETAILS<\/h2><div class=\"wpb_text_column wpb_content_element\"><div class=\"wpb_wrapper\"><p>We are proud to have a highly trained and experienced team in solving problems related to air conditioning, refrigeration, heating, exchange and thermal fluids, dehumidification, air treatment and energy systems. Our goal is to provide quick and efficient solutions to our customers to minimize the impact of breakdowns on their daily activities.<\/p><p>We have the most advanced technology and diagnostic equipment necessary to solve problems in air conditioning, refrigeration, heating and thermal fluid systems. In addition, we offer preventive maintenance services to ensure that the systems are in optimal condition and avoid possible breakdowns in the future.<\/p><p>Regarding air treatment, our team of experts has extensive experience in the installation and maintenance of filtration, purification and ventilation systems, to guarantee a healthy and comfortable environment.<\/p><p>You can contact us via email or through the contact form below.<\/p><\/div><\/div>\t\t\t\t\t\t<\/div>\n\t\t\t\t<\/div>\n\t\t\t\t\t<\/div>\n\t\t<\/div>\n\t\t\t\t<div class=\"elementor-column elementor-col-50 elementor-inner-column elementor-element elementor-element-d730297\" data-id=\"d730297\" data-element_type=\"column\">\n\t\t\t<div class=\"elementor-widget-wrap elementor-element-populated\">\n\t\t\t\t\t\t\t\t<div class=\"elementor-element elementor-element-9b9bb5d elementor-widget elementor-widget-text-editor\" data-id=\"9b9bb5d\" data-element_type=\"widget\" data-widget_type=\"text-editor.default\">\n\t\t\t\t<div class=\"elementor-widget-container\">\n\t\t\t\t\t\t\t<div class=\"wpb_text_column wpb_content_element\"><div class=\"wpb_wrapper\"><h2 class=\"vc_custom_heading title\">BUDGET<\/h2><\/div><\/div>\t\t\t\t\t\t<\/div>\n\t\t\t\t<\/div>\n\t\t\t\t<div class=\"elementor-element elementor-element-ed1548d elementor-widget elementor-widget-shortcode\" data-id=\"ed1548d\" data-element_type=\"widget\" data-widget_type=\"shortcode.default\">\n\t\t\t\t<div class=\"elementor-widget-container\">\n\t\t\t\t\t<div class=\"elementor-shortcode\">\n<div class=\"wpcf7 no-js\" id=\"wpcf7-f2086-o1\" lang=\"en-US\" dir=\"ltr\">\n<div class=\"screen-reader-response\"><p role=\"status\" aria-live=\"polite\" aria-atomic=\"true\"><\/p> <ul><\/ul><\/div>\n<form action=\"\/en\/wp-json\/wp\/v2\/pages\/1522#wpcf7-f2086-o1\" method=\"post\" class=\"wpcf7-form init\" aria-label=\"contact form\" novalidate=\"novalidate\" data-status=\"init\" data-trp-original-action=\"\/en\/wp-json\/wp\/v2\/pages\/1522#wpcf7-f2086-o1\">\n<div style=\"display: none;\">\n<input type=\"hidden\" name=\"_wpcf7\" value=\"2086\" \/>\n<input type=\"hidden\" name=\"_wpcf7_version\" value=\"5.8\" \/>\n<input type=\"hidden\" name=\"_wpcf7_locale\" value=\"en_US\" \/>\n<input type=\"hidden\" name=\"_wpcf7_unit_tag\" value=\"wpcf7-f2086-o1\" \/>\n<input type=\"hidden\" name=\"_wpcf7_container_post\" value=\"0\" \/>\n<input type=\"hidden\" name=\"_wpcf7_posted_data_hash\" value=\"\" \/>\n<input type=\"hidden\" name=\"_wpcf7_recaptcha_response\" value=\"\" \/>\n<\/div>\n<div class=\"row\">\n\t<fieldset class=\"form-group col-md-6\">\n\t\t<p><span class=\"wpcf7-form-control-wrap\" data-name=\"nombre\"><input size=\"40\" class=\"wpcf7-form-control wpcf7-text wpcf7-validates-as-required\" aria-required=\"true\" aria-invalid=\"false\" placeholder=\"Name\" value=\"\" type=\"text\" name=\"nombre\" \/><\/span>\n\t\t<\/p>\n\t<\/fieldset>\n\t<fieldset class=\"form-group col-md-6\">\n\t\t<p><span class=\"wpcf7-form-control-wrap\" data-name=\"subject\"><input size=\"40\" class=\"wpcf7-form-control wpcf7-text wpcf7-validates-as-required\" aria-required=\"true\" aria-invalid=\"false\" placeholder=\"Business\" value=\"\" type=\"text\" name=\"subject\" \/><\/span>\n\t\t<\/p>\n\t<\/fieldset>\n\t<fieldset class=\"form-group col-md-12\">\n\t\t<p><span class=\"wpcf7-form-control-wrap\" data-name=\"email\"><input size=\"40\" class=\"wpcf7-form-control wpcf7-email wpcf7-validates-as-required wpcf7-text wpcf7-validates-as-email\" aria-required=\"true\" aria-invalid=\"false\" placeholder=\"E-mail\" value=\"\" type=\"email\" name=\"email\" \/><\/span>\n\t\t<\/p>\n\t<\/fieldset>\n\t<fieldset class=\"form-group col-md-12\">\n\t\t<p><span class=\"wpcf7-form-control-wrap\" data-name=\"message\"><textarea cols=\"40\" rows=\"10\" class=\"wpcf7-form-control wpcf7-textarea wpcf7-validates-as-required\" aria-required=\"true\" aria-invalid=\"false\" placeholder=\"Message\" name=\"message\"><\/textarea><\/span>\n\t\t<\/p>\n\t<\/fieldset>\n\t<fieldset class=\"form-group col-md-12\">\n\t\t<p><input class=\"wpcf7-form-control wpcf7-submit has-spinner btn btn-normal btn-md\" type=\"submit\" value=\"Send\" \/>\n\t\t<\/p>\n\t<\/fieldset>\n<\/div><div class=\"wpcf7-response-output\" aria-hidden=\"true\"><\/div>\n<input type=\"hidden\" name=\"trp-form-language\" value=\"en\"\/><\/form>\n<\/div>\n<\/div>\n\t\t\t\t<\/div>\n\t\t\t\t<\/div>\n\t\t\t\t\t<\/div>\n\t\t<\/div>\n\t\t\t\t\t\t\t<\/div>\n\t\t<\/section>\n\t\t\t\t\t<\/div>\n\t\t<\/div>\n\t\t\t\t\t\t\t<\/div>\n\t\t<\/section>\n\t\t\t\t<section class=\"elementor-section elementor-top-section elementor-element elementor-element-dd424b3 elementor-section-boxed elementor-section-height-default elementor-section-height-default wpr-particle-no wpr-jarallax-no wpr-parallax-no wpr-sticky-section-no\" data-id=\"dd424b3\" data-element_type=\"section\">\n\t\t\t\t\t\t<div class=\"elementor-container elementor-column-gap-default\">\n\t\t\t\t\t<div class=\"elementor-column elementor-col-100 elementor-top-column elementor-element elementor-element-c577973\" data-id=\"c577973\" data-element_type=\"column\">\n\t\t\t<div class=\"elementor-widget-wrap elementor-element-populated\">\n\t\t\t\t\t\t\t\t<div class=\"elementor-element elementor-element-32cdad8 elementor-widget elementor-widget-text-editor\" data-id=\"32cdad8\" data-element_type=\"widget\" data-widget_type=\"text-editor.default\">\n\t\t\t\t<div class=\"elementor-widget-container\">\n\t\t\t\t\t\t\t<h3>PROFESSIONAL CERTIFICATES<\/h3><ul><li>Building thermal installation installation company (RITE)<\/li><li>Maintenance company for thermal installations in buildings. (RITE)<\/li><li>Level 1 refrigerator installation company<\/li><li>Certificate of installation, maintenance and repair company of fixed refrigeration, air conditioning and heat pump appliances<\/li><li>Equipment handling certificate with refrigeration systems of any fluorinated refrigerant charge<\/li><li>Company responsible for industrial safety services (RIIA)<\/li><\/ul>\t\t\t\t\t\t<\/div>\n\t\t\t\t<\/div>\n\t\t\t\t\t<\/div>\n\t\t<\/div>\n\t\t\t\t\t\t\t<\/div>\n\t\t<\/section>\n\t\t\t\t\t\t\t<\/div>","protected":false},"excerpt":{"rendered":"<p>Nuestra empresa ofrece servicio t\u00e9cnico tanto para la maquinaria de fabricaci\u00f3n propia, as\u00ed como para todo el equipamiento de hosteler\u00eda como cafeteras, armarios refrigerados, lavavajillas y toda la gama de fr\u00edo industrial, proporcionando repuestos espec\u00edficos y puesta en marcha de los equipos y fabricados. DETALLES Nos enorgullece contar con un equipo altamente capacitado y experimentado en la resoluci\u00f3n de problemas relacionados con sistemas de climatizaci\u00f3n, refrigeraci\u00f3n, calefacci\u00f3n, intercambio y fluidos t\u00e9rmicos, deshumectaci\u00f3n, tratamiento de aire y energ\u00eda. Nuestro objetivo es brindar soluciones r\u00e1pidas y eficientes a nuestros clientes para minimizar el impacto de las aver\u00edas en sus actividades diarias. Contamos con la tecnolog\u00eda m\u00e1s avanzada y los equipos de diagn\u00f3stico necesarios para resolver problemas en sistemas de climatizaci\u00f3n, refrigeraci\u00f3n, calefacci\u00f3n y fluidos t\u00e9rmicos. Adem\u00e1s, ofrecemos servicios de mantenimiento preventivo para asegurarnos de que los sistemas est\u00e9n en \u00f3ptimas condiciones y evitar posibles aver\u00edas en el futuro. En cuanto al tratamiento de aire, nuestro equipo de expertos tiene amplia experiencia en la instalaci\u00f3n y mantenimiento de sistemas de filtraci\u00f3n, purificaci\u00f3n y ventilaci\u00f3n, para garantizar un ambiente saludable y c\u00f3modo Puede dirigirse a nosotros v\u00eda correo electr\u00f3nico o a trav\u00e9s del formulario de contacto que tenemos a continuaci\u00f3n. PRESUPUESTO CERTIFICADOS PROFESIONALES Empresa instaladora de instalaciones t\u00e9rmicas de edificios (RITE) Empresa mantenedora de instalaciones t\u00e9rmicas de edificios. (RITE) Empresa instaladora frigorista nivel 1 Certificado de empresa instaladora mantenedora y reparadora de aparatos fijo de refrigeraci\u00f3n aire acondicionado y bomba de calor Certificado de manipulaci\u00f3n de equipos con sistemas frigor\u00edficos de cualquier carga de refrigerante fluorados Empresa responsable de servicios en materia de seguridad industrial (RIIA)<\/p>","protected":false},"author":1,"featured_media":0,"parent":0,"menu_order":0,"comment_status":"closed","ping_status":"closed","template":"","meta":{"neve_meta_sidebar":"","neve_meta_container":"","neve_meta_enable_content_width":"","neve_meta_content_width":0,"neve_meta_title_alignment":"","neve_meta_author_avatar":"","neve_post_elements_order":"","neve_meta_disable_header":"","neve_meta_disable_footer":"","neve_meta_disable_title":"","_themeisle_gutenberg_block_has_review":false,"_ti_tpc_template_sync":false,"_ti_tpc_template_id":"","footnotes":""},"class_list":["post-1522","page","type-page","status-publish","hentry"],"yoast_head":"<!-- This site is optimized with the Yoast SEO plugin v27.3 - https:\/\/yoast.com\/product\/yoast-seo-wordpress\/ -->\n<title>SERVICIO T\u00c9CNICO SAT - Real Refrigeraci\u00f3n \u2013 Fabricante de hosteler\u00eda<\/title>\n<meta name=\"robots\" content=\"index, follow, max-snippet:-1, max-image-preview:large, max-video-preview:-1\" \/>\n<link rel=\"canonical\" href=\"https:\/\/realrefrigeracion.com\/en\/sat\/\" \/>\n<meta property=\"og:locale\" content=\"en_GB\" \/>\n<meta property=\"og:type\" content=\"article\" \/>\n<meta property=\"og:title\" content=\"SERVICIO T\u00c9CNICO SAT - Real Refrigeraci\u00f3n \u2013 Fabricante de hosteler\u00eda\" \/>\n<meta property=\"og:description\" content=\"Nuestra empresa ofrece servicio t\u00e9cnico tanto para la maquinaria de fabricaci\u00f3n propia, as\u00ed como para todo el equipamiento de hosteler\u00eda como cafeteras, armarios refrigerados, lavavajillas y toda la gama de fr\u00edo industrial, proporcionando repuestos espec\u00edficos y puesta en marcha de los equipos y fabricados. DETALLES Nos enorgullece contar con un equipo altamente capacitado y experimentado en la resoluci\u00f3n de problemas relacionados con sistemas de climatizaci\u00f3n, refrigeraci\u00f3n, calefacci\u00f3n, intercambio y fluidos t\u00e9rmicos, deshumectaci\u00f3n, tratamiento de aire y energ\u00eda. Nuestro objetivo es brindar soluciones r\u00e1pidas y eficientes a nuestros clientes para minimizar el impacto de las aver\u00edas en sus actividades diarias. Contamos con la tecnolog\u00eda m\u00e1s avanzada y los equipos de diagn\u00f3stico necesarios para resolver problemas en sistemas de climatizaci\u00f3n, refrigeraci\u00f3n, calefacci\u00f3n y fluidos t\u00e9rmicos. Adem\u00e1s, ofrecemos servicios de mantenimiento preventivo para asegurarnos de que los sistemas est\u00e9n en \u00f3ptimas condiciones y evitar posibles aver\u00edas en el futuro. En cuanto al tratamiento de aire, nuestro equipo de expertos tiene amplia experiencia en la instalaci\u00f3n y mantenimiento de sistemas de filtraci\u00f3n, purificaci\u00f3n y ventilaci\u00f3n, para garantizar un ambiente saludable y c\u00f3modo Puede dirigirse a nosotros v\u00eda correo electr\u00f3nico o a trav\u00e9s del formulario de contacto que tenemos a continuaci\u00f3n. PRESUPUESTO CERTIFICADOS PROFESIONALES Empresa instaladora de instalaciones t\u00e9rmicas de edificios (RITE) Empresa mantenedora de instalaciones t\u00e9rmicas de edificios. (RITE) Empresa instaladora frigorista nivel 1 Certificado de empresa instaladora mantenedora y reparadora de aparatos fijo de refrigeraci\u00f3n aire acondicionado y bomba de calor Certificado de manipulaci\u00f3n de equipos con sistemas frigor\u00edficos de cualquier carga de refrigerante fluorados Empresa responsable de servicios en materia de seguridad industrial (RIIA)\" \/>\n<meta property=\"og:url\" content=\"https:\/\/realrefrigeracion.com\/en\/sat\/\" \/>\n<meta property=\"og:site_name\" content=\"Real Refrigeraci\u00f3n \u2013 Fabricante de hosteler\u00eda\" \/>\n<meta property=\"article:modified_time\" content=\"2023-05-17T12:15:01+00:00\" \/>\n<meta property=\"og:image\" content=\"https:\/\/realrefrigeracion.com\/wp-content\/uploads\/2023\/04\/SAT-img-service-1024x589-1.jpg\" \/>\n<meta name=\"twitter:card\" content=\"summary_large_image\" \/>\n<meta name=\"twitter:label1\" content=\"Estimated reading time\" \/>\n\t<meta name=\"twitter:data1\" content=\"2 minutes\" \/>\n<script type=\"application\/ld+json\" class=\"yoast-schema-graph\">{\"@context\":\"https:\\\/\\\/schema.org\",\"@graph\":[{\"@type\":\"WebPage\",\"@id\":\"https:\\\/\\\/realrefrigeracion.com\\\/sat\\\/\",\"url\":\"https:\\\/\\\/realrefrigeracion.com\\\/sat\\\/\",\"name\":\"SERVICIO T\u00c9CNICO SAT - Real Refrigeraci\u00f3n \u2013 Fabricante de hosteler\u00eda\",\"isPartOf\":{\"@id\":\"https:\\\/\\\/realrefrigeracion.com\\\/#website\"},\"primaryImageOfPage\":{\"@id\":\"https:\\\/\\\/realrefrigeracion.com\\\/sat\\\/#primaryimage\"},\"image\":{\"@id\":\"https:\\\/\\\/realrefrigeracion.com\\\/sat\\\/#primaryimage\"},\"thumbnailUrl\":\"https:\\\/\\\/realrefrigeracion.com\\\/wp-content\\\/uploads\\\/2023\\\/04\\\/SAT-img-service-1024x589-1.jpg\",\"datePublished\":\"2016-01-20T09:15:00+00:00\",\"dateModified\":\"2023-05-17T12:15:01+00:00\",\"breadcrumb\":{\"@id\":\"https:\\\/\\\/realrefrigeracion.com\\\/sat\\\/#breadcrumb\"},\"inLanguage\":\"en-GB\",\"potentialAction\":[{\"@type\":\"ReadAction\",\"target\":[\"https:\\\/\\\/realrefrigeracion.com\\\/sat\\\/\"]}]},{\"@type\":\"ImageObject\",\"inLanguage\":\"en-GB\",\"@id\":\"https:\\\/\\\/realrefrigeracion.com\\\/sat\\\/#primaryimage\",\"url\":\"https:\\\/\\\/realrefrigeracion.com\\\/wp-content\\\/uploads\\\/2023\\\/04\\\/SAT-img-service-1024x589-1.jpg\",\"contentUrl\":\"https:\\\/\\\/realrefrigeracion.com\\\/wp-content\\\/uploads\\\/2023\\\/04\\\/SAT-img-service-1024x589-1.jpg\"},{\"@type\":\"BreadcrumbList\",\"@id\":\"https:\\\/\\\/realrefrigeracion.com\\\/sat\\\/#breadcrumb\",\"itemListElement\":[{\"@type\":\"ListItem\",\"position\":1,\"name\":\"Portada\",\"item\":\"https:\\\/\\\/realrefrigeracion.com\\\/\"},{\"@type\":\"ListItem\",\"position\":2,\"name\":\"SERVICIO T\u00c9CNICO SAT\"}]},{\"@type\":\"WebSite\",\"@id\":\"https:\\\/\\\/realrefrigeracion.com\\\/#website\",\"url\":\"https:\\\/\\\/realrefrigeracion.com\\\/\",\"name\":\"Real Refrigeraci\u00f3n \u2013 Fabricante de hosteler\u00eda\",\"description\":\"\",\"publisher\":{\"@id\":\"https:\\\/\\\/realrefrigeracion.com\\\/#organization\"},\"potentialAction\":[{\"@type\":\"SearchAction\",\"target\":{\"@type\":\"EntryPoint\",\"urlTemplate\":\"https:\\\/\\\/realrefrigeracion.com\\\/?s={search_term_string}\"},\"query-input\":{\"@type\":\"PropertyValueSpecification\",\"valueRequired\":true,\"valueName\":\"search_term_string\"}}],\"inLanguage\":\"en-GB\"},{\"@type\":\"Organization\",\"@id\":\"https:\\\/\\\/realrefrigeracion.com\\\/#organization\",\"name\":\"Real Refrigeraci\u00f3n \u2013 Fabricante de hosteler\u00eda\",\"url\":\"https:\\\/\\\/realrefrigeracion.com\\\/\",\"logo\":{\"@type\":\"ImageObject\",\"inLanguage\":\"en-GB\",\"@id\":\"https:\\\/\\\/realrefrigeracion.com\\\/#\\\/schema\\\/logo\\\/image\\\/\",\"url\":\"https:\\\/\\\/realrefrigeracion.com\\\/wp-content\\\/uploads\\\/2021\\\/02\\\/logo-neve.svg\",\"contentUrl\":\"https:\\\/\\\/realrefrigeracion.com\\\/wp-content\\\/uploads\\\/2021\\\/02\\\/logo-neve.svg\",\"caption\":\"Real Refrigeraci\u00f3n \u2013 Fabricante de hosteler\u00eda\"},\"image\":{\"@id\":\"https:\\\/\\\/realrefrigeracion.com\\\/#\\\/schema\\\/logo\\\/image\\\/\"}}]}<\/script>\n<!-- \/ Yoast SEO plugin. -->","yoast_head_json":{"title":"SERVICIO T\u00c9CNICO SAT - Real Refrigeraci\u00f3n \u2013 Fabricante de hosteler\u00eda","robots":{"index":"index","follow":"follow","max-snippet":"max-snippet:-1","max-image-preview":"max-image-preview:large","max-video-preview":"max-video-preview:-1"},"canonical":"https:\/\/realrefrigeracion.com\/en\/sat\/","og_locale":"en_GB","og_type":"article","og_title":"SERVICIO T\u00c9CNICO SAT - Real Refrigeraci\u00f3n \u2013 Fabricante de hosteler\u00eda","og_description":"Nuestra empresa ofrece servicio t\u00e9cnico tanto para la maquinaria de fabricaci\u00f3n propia, as\u00ed como para todo el equipamiento de hosteler\u00eda como cafeteras, armarios refrigerados, lavavajillas y toda la gama de fr\u00edo industrial, proporcionando repuestos espec\u00edficos y puesta en marcha de los equipos y fabricados. DETALLES Nos enorgullece contar con un equipo altamente capacitado y experimentado en la resoluci\u00f3n de problemas relacionados con sistemas de climatizaci\u00f3n, refrigeraci\u00f3n, calefacci\u00f3n, intercambio y fluidos t\u00e9rmicos, deshumectaci\u00f3n, tratamiento de aire y energ\u00eda. Nuestro objetivo es brindar soluciones r\u00e1pidas y eficientes a nuestros clientes para minimizar el impacto de las aver\u00edas en sus actividades diarias. Contamos con la tecnolog\u00eda m\u00e1s avanzada y los equipos de diagn\u00f3stico necesarios para resolver problemas en sistemas de climatizaci\u00f3n, refrigeraci\u00f3n, calefacci\u00f3n y fluidos t\u00e9rmicos. Adem\u00e1s, ofrecemos servicios de mantenimiento preventivo para asegurarnos de que los sistemas est\u00e9n en \u00f3ptimas condiciones y evitar posibles aver\u00edas en el futuro. En cuanto al tratamiento de aire, nuestro equipo de expertos tiene amplia experiencia en la instalaci\u00f3n y mantenimiento de sistemas de filtraci\u00f3n, purificaci\u00f3n y ventilaci\u00f3n, para garantizar un ambiente saludable y c\u00f3modo Puede dirigirse a nosotros v\u00eda correo electr\u00f3nico o a trav\u00e9s del formulario de contacto que tenemos a continuaci\u00f3n. PRESUPUESTO CERTIFICADOS PROFESIONALES Empresa instaladora de instalaciones t\u00e9rmicas de edificios (RITE) Empresa mantenedora de instalaciones t\u00e9rmicas de edificios. (RITE) Empresa instaladora frigorista nivel 1 Certificado de empresa instaladora mantenedora y reparadora de aparatos fijo de refrigeraci\u00f3n aire acondicionado y bomba de calor Certificado de manipulaci\u00f3n de equipos con sistemas frigor\u00edficos de cualquier carga de refrigerante fluorados Empresa responsable de servicios en materia de seguridad industrial (RIIA)","og_url":"https:\/\/realrefrigeracion.com\/en\/sat\/","og_site_name":"Real Refrigeraci\u00f3n \u2013 Fabricante de hosteler\u00eda","article_modified_time":"2023-05-17T12:15:01+00:00","og_image":[{"url":"https:\/\/realrefrigeracion.com\/wp-content\/uploads\/2023\/04\/SAT-img-service-1024x589-1.jpg","type":"","width":"","height":""}],"twitter_card":"summary_large_image","twitter_misc":{"Estimated reading time":"2 minutes"},"schema":{"@context":"https:\/\/schema.org","@graph":[{"@type":"WebPage","@id":"https:\/\/realrefrigeracion.com\/sat\/","url":"https:\/\/realrefrigeracion.com\/sat\/","name":"SERVICIO T\u00c9CNICO SAT - Real Refrigeraci\u00f3n \u2013 Fabricante de hosteler\u00eda","isPartOf":{"@id":"https:\/\/realrefrigeracion.com\/#website"},"primaryImageOfPage":{"@id":"https:\/\/realrefrigeracion.com\/sat\/#primaryimage"},"image":{"@id":"https:\/\/realrefrigeracion.com\/sat\/#primaryimage"},"thumbnailUrl":"https:\/\/realrefrigeracion.com\/wp-content\/uploads\/2023\/04\/SAT-img-service-1024x589-1.jpg","datePublished":"2016-01-20T09:15:00+00:00","dateModified":"2023-05-17T12:15:01+00:00","breadcrumb":{"@id":"https:\/\/realrefrigeracion.com\/sat\/#breadcrumb"},"inLanguage":"en-GB","potentialAction":[{"@type":"ReadAction","target":["https:\/\/realrefrigeracion.com\/sat\/"]}]},{"@type":"ImageObject","inLanguage":"en-GB","@id":"https:\/\/realrefrigeracion.com\/sat\/#primaryimage","url":"https:\/\/realrefrigeracion.com\/wp-content\/uploads\/2023\/04\/SAT-img-service-1024x589-1.jpg","contentUrl":"https:\/\/realrefrigeracion.com\/wp-content\/uploads\/2023\/04\/SAT-img-service-1024x589-1.jpg"},{"@type":"BreadcrumbList","@id":"https:\/\/realrefrigeracion.com\/sat\/#breadcrumb","itemListElement":[{"@type":"ListItem","position":1,"name":"Portada","item":"https:\/\/realrefrigeracion.com\/"},{"@type":"ListItem","position":2,"name":"SERVICIO T\u00c9CNICO SAT"}]},{"@type":"WebSite","@id":"https:\/\/realrefrigeracion.com\/#website","url":"https:\/\/realrefrigeracion.com\/","name":"Real Refrigeraci\u00f3n \u2013 Fabricante de hosteler\u00eda","description":"","publisher":{"@id":"https:\/\/realrefrigeracion.com\/#organization"},"potentialAction":[{"@type":"SearchAction","target":{"@type":"EntryPoint","urlTemplate":"https:\/\/realrefrigeracion.com\/?s={search_term_string}"},"query-input":{"@type":"PropertyValueSpecification","valueRequired":true,"valueName":"search_term_string"}}],"inLanguage":"en-GB"},{"@type":"Organization","@id":"https:\/\/realrefrigeracion.com\/#organization","name":"Real Refrigeraci\u00f3n \u2013 Fabricante de hosteler\u00eda","url":"https:\/\/realrefrigeracion.com\/","logo":{"@type":"ImageObject","inLanguage":"en-GB","@id":"https:\/\/realrefrigeracion.com\/#\/schema\/logo\/image\/","url":"https:\/\/realrefrigeracion.com\/wp-content\/uploads\/2021\/02\/logo-neve.svg","contentUrl":"https:\/\/realrefrigeracion.com\/wp-content\/uploads\/2021\/02\/logo-neve.svg","caption":"Real Refrigeraci\u00f3n \u2013 Fabricante de hosteler\u00eda"},"image":{"@id":"https:\/\/realrefrigeracion.com\/#\/schema\/logo\/image\/"}}]}},"_links":{"self":[{"href":"https:\/\/realrefrigeracion.com\/en\/wp-json\/wp\/v2\/pages\/1522","targetHints":{"allow":["GET"]}}],"collection":[{"href":"https:\/\/realrefrigeracion.com\/en\/wp-json\/wp\/v2\/pages"}],"about":[{"href":"https:\/\/realrefrigeracion.com\/en\/wp-json\/wp\/v2\/types\/page"}],"author":[{"embeddable":true,"href":"https:\/\/realrefrigeracion.com\/en\/wp-json\/wp\/v2\/users\/1"}],"replies":[{"embeddable":true,"href":"https:\/\/realrefrigeracion.com\/en\/wp-json\/wp\/v2\/comments?post=1522"}],"version-history":[{"count":14,"href":"https:\/\/realrefrigeracion.com\/en\/wp-json\/wp\/v2\/pages\/1522\/revisions"}],"predecessor-version":[{"id":4014,"href":"https:\/\/realrefrigeracion.com\/en\/wp-json\/wp\/v2\/pages\/1522\/revisions\/4014"}],"wp:attachment":[{"href":"https:\/\/realrefrigeracion.com\/en\/wp-json\/wp\/v2\/media?parent=1522"}],"curies":[{"name":"wp","href":"https:\/\/api.w.org\/{rel}","templated":true}]}}