{"id":1514,"date":"2016-01-20T09:07:13","date_gmt":"2016-01-20T09:07:13","guid":{"rendered":"http:\/\/anpsthemes.com\/construction\/?page_id=1514"},"modified":"2023-05-17T12:19:59","modified_gmt":"2023-05-17T12:19:59","slug":"fabricacion-inox","status":"publish","type":"page","link":"https:\/\/realrefrigeracion.com\/en\/fabricacion-inox\/","title":{"rendered":"STAINLESS STEEL MANUFACTURING"},"content":{"rendered":"<div data-elementor-type=\"wp-page\" data-elementor-id=\"1514\" class=\"elementor elementor-1514\">\n\t\t\t\t\t\t\t\t\t<section class=\"elementor-section elementor-top-section elementor-element elementor-element-7efffa1 elementor-section-boxed elementor-section-height-default elementor-section-height-default wpr-particle-no wpr-jarallax-no wpr-parallax-no wpr-sticky-section-no\" data-id=\"7efffa1\" data-element_type=\"section\">\n\t\t\t\t\t\t<div class=\"elementor-container elementor-column-gap-default\">\n\t\t\t\t\t<div class=\"elementor-column elementor-col-100 elementor-top-column elementor-element elementor-element-98de324\" data-id=\"98de324\" data-element_type=\"column\">\n\t\t\t<div class=\"elementor-widget-wrap elementor-element-populated\">\n\t\t\t\t\t\t\t\t<section class=\"elementor-section elementor-inner-section elementor-element elementor-element-71a53d2 elementor-section-boxed elementor-section-height-default elementor-section-height-default wpr-particle-no wpr-jarallax-no wpr-parallax-no wpr-sticky-section-no\" data-id=\"71a53d2\" data-element_type=\"section\">\n\t\t\t\t\t\t<div class=\"elementor-container elementor-column-gap-default\">\n\t\t\t\t\t<div class=\"elementor-column elementor-col-50 elementor-inner-column elementor-element elementor-element-0be195c\" data-id=\"0be195c\" data-element_type=\"column\">\n\t\t\t<div class=\"elementor-widget-wrap elementor-element-populated\">\n\t\t\t\t\t\t\t\t<div class=\"elementor-element elementor-element-b268bd9 elementor-widget__width-auto elementor-widget elementor-widget-image\" data-id=\"b268bd9\" data-element_type=\"widget\" data-widget_type=\"image.default\">\n\t\t\t\t<div class=\"elementor-widget-container\">\n\t\t\t<style>\/*! elementor - v3.15.0 - 09-08-2023 *\/\n.elementor-widget-image{text-align:center}.elementor-widget-image a{display:inline-block}.elementor-widget-image a img[src$=\".svg\"]{width:48px}.elementor-widget-image img{vertical-align:middle;display:inline-block}<\/style>\t\t\t\t\t\t\t\t\t\t\t\t<img loading=\"lazy\" decoding=\"async\" width=\"1024\" height=\"589\" src=\"https:\/\/realrefrigeracion.com\/wp-content\/uploads\/2023\/04\/img-inox-1024x589-1.jpg\" class=\"attachment-large size-large wp-image-3767\" alt=\"FABRICACI\u00d3N A MEDIDA EN ACERO INOXIDABLE\" srcset=\"https:\/\/realrefrigeracion.com\/wp-content\/uploads\/2023\/04\/img-inox-1024x589-1.jpg 1024w, https:\/\/realrefrigeracion.com\/wp-content\/uploads\/2023\/04\/img-inox-1024x589-1-300x173.jpg 300w, https:\/\/realrefrigeracion.com\/wp-content\/uploads\/2023\/04\/img-inox-1024x589-1-768x442.jpg 768w, https:\/\/realrefrigeracion.com\/wp-content\/uploads\/2023\/04\/img-inox-1024x589-1-18x10.jpg 18w\" sizes=\"auto, (max-width: 1024px) 100vw, 1024px\" \/>\t\t\t\t\t\t\t\t\t\t\t\t\t\t\t<\/div>\n\t\t\t\t<\/div>\n\t\t\t\t\t<\/div>\n\t\t<\/div>\n\t\t\t\t<div class=\"elementor-column elementor-col-50 elementor-inner-column elementor-element elementor-element-824b9ec\" data-id=\"824b9ec\" data-element_type=\"column\">\n\t\t\t<div class=\"elementor-widget-wrap elementor-element-populated\">\n\t\t\t\t\t\t\t\t<div class=\"elementor-element elementor-element-ed73606 elementor-widget elementor-widget-text-editor\" data-id=\"ed73606\" data-element_type=\"widget\" data-widget_type=\"text-editor.default\">\n\t\t\t\t<div class=\"elementor-widget-container\">\n\t\t\t<style>\/*! elementor - v3.15.0 - 09-08-2023 *\/\n.elementor-widget-text-editor.elementor-drop-cap-view-stacked .elementor-drop-cap{background-color:#69727d;color:#fff}.elementor-widget-text-editor.elementor-drop-cap-view-framed .elementor-drop-cap{color:#69727d;border:3px solid;background-color:transparent}.elementor-widget-text-editor:not(.elementor-drop-cap-view-default) .elementor-drop-cap{margin-top:8px}.elementor-widget-text-editor:not(.elementor-drop-cap-view-default) .elementor-drop-cap-letter{width:1em;height:1em}.elementor-widget-text-editor .elementor-drop-cap{float:left;text-align:center;line-height:1;font-size:50px}.elementor-widget-text-editor .elementor-drop-cap-letter{display:inline-block}<\/style>\t\t\t\t<h2 class=\"vc_custom_heading title\">CUSTOM MANUFACTURING IN STAINLESS STEEL<\/h2><div class=\"wpb_text_column wpb_content_element\"><div class=\"wpb_wrapper\"><p>The design and manufacture of<strong>\u00a0stainless steel furniture<\/strong>\u00a0in our facilities allows us to accommodate the requirements of our Clients.<\/p><p>We are a benchmark in the stainless steel hospitality industry, and in the manufacture of stainless steel furniture regardless of the measurements. Adapting to the dimensions making the most of the spaces.<\/p><\/div><\/div>\t\t\t\t\t\t<\/div>\n\t\t\t\t<\/div>\n\t\t\t\t\t<\/div>\n\t\t<\/div>\n\t\t\t\t\t\t\t<\/div>\n\t\t<\/section>\n\t\t\t\t<div class=\"elementor-element elementor-element-1a068b0 elementor-widget elementor-widget-text-editor\" data-id=\"1a068b0\" data-element_type=\"widget\" data-widget_type=\"text-editor.default\">\n\t\t\t\t<div class=\"elementor-widget-container\">\n\t\t\t\t\t\t\t<h2 class=\"vc_custom_heading title\">WE ARE THE BRAND IN THE MANUFACTURE OF CUSTOM STAINLESS STEEL FURNITURE<\/h2>\t\t\t\t\t\t<\/div>\n\t\t\t\t<\/div>\n\t\t\t\t<section class=\"elementor-section elementor-inner-section elementor-element elementor-element-41baa95 elementor-section-boxed elementor-section-height-default elementor-section-height-default wpr-particle-no wpr-jarallax-no wpr-parallax-no wpr-sticky-section-no\" data-id=\"41baa95\" data-element_type=\"section\">\n\t\t\t\t\t\t<div class=\"elementor-container elementor-column-gap-default\">\n\t\t\t\t\t<div class=\"elementor-column elementor-col-33 elementor-inner-column elementor-element elementor-element-21bac9f\" data-id=\"21bac9f\" data-element_type=\"column\">\n\t\t\t<div class=\"elementor-widget-wrap elementor-element-populated\">\n\t\t\t\t\t\t\t\t<div class=\"elementor-element elementor-element-2bba834 elementor-widget elementor-widget-image\" data-id=\"2bba834\" data-element_type=\"widget\" data-widget_type=\"image.default\">\n\t\t\t\t<div class=\"elementor-widget-container\">\n\t\t\t\t\t\t\t\t\t\t\t\t\t\t\t<img loading=\"lazy\" decoding=\"async\" width=\"150\" height=\"150\" src=\"https:\/\/realrefrigeracion.com\/wp-content\/uploads\/2023\/04\/regla-150x150-1.png\" class=\"attachment-medium_large size-medium_large wp-image-3768\" alt=\"A medida\" srcset=\"https:\/\/realrefrigeracion.com\/wp-content\/uploads\/2023\/04\/regla-150x150-1.png 150w, https:\/\/realrefrigeracion.com\/wp-content\/uploads\/2023\/04\/regla-150x150-1-12x12.png 12w\" sizes=\"auto, (max-width: 150px) 100vw, 150px\" \/>\t\t\t\t\t\t\t\t\t\t\t\t\t\t\t<\/div>\n\t\t\t\t<\/div>\n\t\t\t\t<div class=\"elementor-element elementor-element-630c116 elementor-widget elementor-widget-text-editor\" data-id=\"630c116\" data-element_type=\"widget\" data-widget_type=\"text-editor.default\">\n\t\t\t\t<div class=\"elementor-widget-container\">\n\t\t\t\t\t\t\t<p>We manufacture to measure and adapt to the client&#039;s space, offering unique and exclusive finishes.<\/p>\t\t\t\t\t\t<\/div>\n\t\t\t\t<\/div>\n\t\t\t\t\t<\/div>\n\t\t<\/div>\n\t\t\t\t<div class=\"elementor-column elementor-col-33 elementor-inner-column elementor-element elementor-element-f2106b7\" data-id=\"f2106b7\" data-element_type=\"column\">\n\t\t\t<div class=\"elementor-widget-wrap elementor-element-populated\">\n\t\t\t\t\t\t\t\t<div class=\"elementor-element elementor-element-b6f5184 elementor-widget elementor-widget-image\" data-id=\"b6f5184\" data-element_type=\"widget\" data-widget_type=\"image.default\">\n\t\t\t\t<div class=\"elementor-widget-container\">\n\t\t\t\t\t\t\t\t\t\t\t\t\t\t\t<img loading=\"lazy\" decoding=\"async\" width=\"150\" height=\"150\" src=\"https:\/\/realrefrigeracion.com\/wp-content\/uploads\/2023\/04\/taller-150x150-1.png\" class=\"attachment-medium_large size-medium_large wp-image-3769\" alt=\"Taller, fabricaci\u00f3n a medida\" srcset=\"https:\/\/realrefrigeracion.com\/wp-content\/uploads\/2023\/04\/taller-150x150-1.png 150w, https:\/\/realrefrigeracion.com\/wp-content\/uploads\/2023\/04\/taller-150x150-1-12x12.png 12w\" sizes=\"auto, (max-width: 150px) 100vw, 150px\" \/>\t\t\t\t\t\t\t\t\t\t\t\t\t\t\t<\/div>\n\t\t\t\t<\/div>\n\t\t\t\t<div class=\"elementor-element elementor-element-325a32e elementor-widget elementor-widget-text-editor\" data-id=\"325a32e\" data-element_type=\"widget\" data-widget_type=\"text-editor.default\">\n\t\t\t\t<div class=\"elementor-widget-container\">\n\t\t\t\t\t\t\t<p>Our stainless steel carpentry allows us to create an infinite number of spaces that cover all those needs and designs for the most demanding.<\/p>\t\t\t\t\t\t<\/div>\n\t\t\t\t<\/div>\n\t\t\t\t\t<\/div>\n\t\t<\/div>\n\t\t\t\t<div class=\"elementor-column elementor-col-33 elementor-inner-column elementor-element elementor-element-2bd5167\" data-id=\"2bd5167\" data-element_type=\"column\">\n\t\t\t<div class=\"elementor-widget-wrap elementor-element-populated\">\n\t\t\t\t\t\t\t\t<div class=\"elementor-element elementor-element-ac4da1c elementor-widget elementor-widget-image\" data-id=\"ac4da1c\" data-element_type=\"widget\" data-widget_type=\"image.default\">\n\t\t\t\t<div class=\"elementor-widget-container\">\n\t\t\t\t\t\t\t\t\t\t\t\t\t\t\t<img loading=\"lazy\" decoding=\"async\" width=\"150\" height=\"150\" src=\"https:\/\/realrefrigeracion.com\/wp-content\/uploads\/2023\/04\/calidad-m-150x150-1.png\" class=\"attachment-medium_large size-medium_large wp-image-3770\" alt=\"Sello calidad RealRefrigeracion\" srcset=\"https:\/\/realrefrigeracion.com\/wp-content\/uploads\/2023\/04\/calidad-m-150x150-1.png 150w, https:\/\/realrefrigeracion.com\/wp-content\/uploads\/2023\/04\/calidad-m-150x150-1-12x12.png 12w\" sizes=\"auto, (max-width: 150px) 100vw, 150px\" \/>\t\t\t\t\t\t\t\t\t\t\t\t\t\t\t<\/div>\n\t\t\t\t<\/div>\n\t\t\t\t<div class=\"elementor-element elementor-element-2e7b6d5 elementor-widget elementor-widget-text-editor\" data-id=\"2e7b6d5\" data-element_type=\"widget\" data-widget_type=\"text-editor.default\">\n\t\t\t\t<div class=\"elementor-widget-container\">\n\t\t\t\t\t\t\t<p>At Real Refrigeration we make a difference with quality and service.<\/p>\t\t\t\t\t\t<\/div>\n\t\t\t\t<\/div>\n\t\t\t\t\t<\/div>\n\t\t<\/div>\n\t\t\t\t\t\t\t<\/div>\n\t\t<\/section>\n\t\t\t\t\t<\/div>\n\t\t<\/div>\n\t\t\t\t\t\t\t<\/div>\n\t\t<\/section>\n\t\t\t\t<section class=\"elementor-section elementor-top-section elementor-element elementor-element-d44b987 elementor-section-boxed elementor-section-height-default elementor-section-height-default wpr-particle-no wpr-jarallax-no wpr-parallax-no wpr-sticky-section-no\" data-id=\"d44b987\" data-element_type=\"section\">\n\t\t\t\t\t\t<div class=\"elementor-container elementor-column-gap-default\">\n\t\t\t\t\t<div class=\"elementor-column elementor-col-100 elementor-top-column elementor-element elementor-element-e6d437b\" data-id=\"e6d437b\" data-element_type=\"column\">\n\t\t\t<div class=\"elementor-widget-wrap elementor-element-populated\">\n\t\t\t\t\t\t\t\t<div class=\"elementor-element elementor-element-b055983 elementor-widget elementor-widget-text-editor\" data-id=\"b055983\" data-element_type=\"widget\" data-widget_type=\"text-editor.default\">\n\t\t\t\t<div class=\"elementor-widget-container\">\n\t\t\t\t\t\t\t<p>At our company, we specialize in the design and manufacture of custom stainless steel furniture to meet the specific needs of our customers. We work closely with our clients to understand their needs and design unique and functional stainless steel furniture that fits perfectly into their spaces.<\/p>\t\t\t\t\t\t<\/div>\n\t\t\t\t<\/div>\n\t\t\t\t\t<\/div>\n\t\t<\/div>\n\t\t\t\t\t\t\t<\/div>\n\t\t<\/section>\n\t\t\t\t\t\t\t<\/div>","protected":false},"excerpt":{"rendered":"<p>FABRICACI\u00d3N A MEDIDA EN ACERO INOXIDABLE El dise\u00f1o y fabricaci\u00f3n de\u00a0muebles de Acero Inoxidable\u00a0en nuestras instalaciones nos permite acomodarnos a los requerimientos de nuestros Clientes. Somos un referente de la hosteler\u00eda inoxidable, y de la fabricaci\u00f3n de muebles de acero inoxidable sin importar las medidas. Adapt\u00e1ndonos a las dimensiones aprovechando al m\u00e1ximo los espacios. SOMOS LA MARCA EN FABRICACI\u00d3N DE MOBILIARIO EN ACERO INOXIDABLE A MEDIDA Fabricamos a medida y nos adaptamos al espacio del cliente, ofreciendo acabados \u00fanicos y exclusivos. Nuestra carpinter\u00eda de acero inoxidable nos permite crear infinidad de espacios que cubren todas aquellas necesidades y dise\u00f1os para los m\u00e1s exigentes. En Real Refrigeraci\u00f3n\u00a0marcamos la diferencia con la calidad y servicio. En nuestra empresa, nos especializamos en el dise\u00f1o y fabricaci\u00f3n de muebles de acero inoxidable personalizados para satisfacer las necesidades espec\u00edficas de nuestros clientes. Trabajamos en estrecha colaboraci\u00f3n con nuestros clientes para comprender sus necesidades y dise\u00f1ar muebles de acero inoxidable \u00fanicos y funcionales que se adapten perfectamente a sus espacios.<\/p>","protected":false},"author":1,"featured_media":0,"parent":0,"menu_order":0,"comment_status":"closed","ping_status":"closed","template":"","meta":{"neve_meta_sidebar":"","neve_meta_container":"","neve_meta_enable_content_width":"","neve_meta_content_width":0,"neve_meta_title_alignment":"","neve_meta_author_avatar":"","neve_post_elements_order":"","neve_meta_disable_header":"","neve_meta_disable_footer":"","neve_meta_disable_title":"","_themeisle_gutenberg_block_has_review":false,"_ti_tpc_template_sync":false,"_ti_tpc_template_id":"","footnotes":""},"class_list":["post-1514","page","type-page","status-publish","hentry"],"yoast_head":"<!-- This site is optimized with the Yoast SEO plugin v27.4 - https:\/\/yoast.com\/product\/yoast-seo-wordpress\/ -->\n<title>FABRICACI\u00d3N INOX - Real Refrigeraci\u00f3n \u2013 Fabricante de hosteler\u00eda<\/title>\n<meta name=\"robots\" content=\"index, follow, max-snippet:-1, max-image-preview:large, max-video-preview:-1\" \/>\n<link rel=\"canonical\" href=\"https:\/\/realrefrigeracion.com\/en\/fabricacion-inox\/\" \/>\n<meta property=\"og:locale\" content=\"en_GB\" \/>\n<meta property=\"og:type\" content=\"article\" \/>\n<meta property=\"og:title\" content=\"FABRICACI\u00d3N INOX - Real Refrigeraci\u00f3n \u2013 Fabricante de hosteler\u00eda\" \/>\n<meta property=\"og:description\" content=\"FABRICACI\u00d3N A MEDIDA EN ACERO INOXIDABLE El dise\u00f1o y fabricaci\u00f3n de\u00a0muebles de Acero Inoxidable\u00a0en nuestras instalaciones nos permite acomodarnos a los requerimientos de nuestros Clientes. Somos un referente de la hosteler\u00eda inoxidable, y de la fabricaci\u00f3n de muebles de acero inoxidable sin importar las medidas. Adapt\u00e1ndonos a las dimensiones aprovechando al m\u00e1ximo los espacios. SOMOS LA MARCA EN FABRICACI\u00d3N DE MOBILIARIO EN ACERO INOXIDABLE A MEDIDA Fabricamos a medida y nos adaptamos al espacio del cliente, ofreciendo acabados \u00fanicos y exclusivos. Nuestra carpinter\u00eda de acero inoxidable nos permite crear infinidad de espacios que cubren todas aquellas necesidades y dise\u00f1os para los m\u00e1s exigentes. En Real Refrigeraci\u00f3n\u00a0marcamos la diferencia con la calidad y servicio. En nuestra empresa, nos especializamos en el dise\u00f1o y fabricaci\u00f3n de muebles de acero inoxidable personalizados para satisfacer las necesidades espec\u00edficas de nuestros clientes. Trabajamos en estrecha colaboraci\u00f3n con nuestros clientes para comprender sus necesidades y dise\u00f1ar muebles de acero inoxidable \u00fanicos y funcionales que se adapten perfectamente a sus espacios.\" \/>\n<meta property=\"og:url\" content=\"https:\/\/realrefrigeracion.com\/en\/fabricacion-inox\/\" \/>\n<meta property=\"og:site_name\" content=\"Real Refrigeraci\u00f3n \u2013 Fabricante de hosteler\u00eda\" \/>\n<meta property=\"article:modified_time\" content=\"2023-05-17T12:19:59+00:00\" \/>\n<meta property=\"og:image\" content=\"https:\/\/realrefrigeracion.com\/wp-content\/uploads\/2023\/04\/img-inox-1024x589-1.jpg\" \/>\n<meta name=\"twitter:card\" content=\"summary_large_image\" \/>\n<meta name=\"twitter:label1\" content=\"Estimated reading time\" \/>\n\t<meta name=\"twitter:data1\" content=\"2 minutes\" \/>\n<script type=\"application\/ld+json\" class=\"yoast-schema-graph\">{\"@context\":\"https:\\\/\\\/schema.org\",\"@graph\":[{\"@type\":\"WebPage\",\"@id\":\"https:\\\/\\\/realrefrigeracion.com\\\/fabricacion-inox\\\/\",\"url\":\"https:\\\/\\\/realrefrigeracion.com\\\/fabricacion-inox\\\/\",\"name\":\"FABRICACI\u00d3N INOX - Real Refrigeraci\u00f3n \u2013 Fabricante de hosteler\u00eda\",\"isPartOf\":{\"@id\":\"https:\\\/\\\/realrefrigeracion.com\\\/#website\"},\"primaryImageOfPage\":{\"@id\":\"https:\\\/\\\/realrefrigeracion.com\\\/fabricacion-inox\\\/#primaryimage\"},\"image\":{\"@id\":\"https:\\\/\\\/realrefrigeracion.com\\\/fabricacion-inox\\\/#primaryimage\"},\"thumbnailUrl\":\"https:\\\/\\\/realrefrigeracion.com\\\/wp-content\\\/uploads\\\/2023\\\/04\\\/img-inox-1024x589-1.jpg\",\"datePublished\":\"2016-01-20T09:07:13+00:00\",\"dateModified\":\"2023-05-17T12:19:59+00:00\",\"breadcrumb\":{\"@id\":\"https:\\\/\\\/realrefrigeracion.com\\\/fabricacion-inox\\\/#breadcrumb\"},\"inLanguage\":\"en-GB\",\"potentialAction\":[{\"@type\":\"ReadAction\",\"target\":[\"https:\\\/\\\/realrefrigeracion.com\\\/fabricacion-inox\\\/\"]}]},{\"@type\":\"ImageObject\",\"inLanguage\":\"en-GB\",\"@id\":\"https:\\\/\\\/realrefrigeracion.com\\\/fabricacion-inox\\\/#primaryimage\",\"url\":\"https:\\\/\\\/realrefrigeracion.com\\\/wp-content\\\/uploads\\\/2023\\\/04\\\/img-inox-1024x589-1.jpg\",\"contentUrl\":\"https:\\\/\\\/realrefrigeracion.com\\\/wp-content\\\/uploads\\\/2023\\\/04\\\/img-inox-1024x589-1.jpg\"},{\"@type\":\"BreadcrumbList\",\"@id\":\"https:\\\/\\\/realrefrigeracion.com\\\/fabricacion-inox\\\/#breadcrumb\",\"itemListElement\":[{\"@type\":\"ListItem\",\"position\":1,\"name\":\"Portada\",\"item\":\"https:\\\/\\\/realrefrigeracion.com\\\/\"},{\"@type\":\"ListItem\",\"position\":2,\"name\":\"FABRICACI\u00d3N INOX\"}]},{\"@type\":\"WebSite\",\"@id\":\"https:\\\/\\\/realrefrigeracion.com\\\/#website\",\"url\":\"https:\\\/\\\/realrefrigeracion.com\\\/\",\"name\":\"Real Refrigeraci\u00f3n \u2013 Fabricante de hosteler\u00eda\",\"description\":\"\",\"publisher\":{\"@id\":\"https:\\\/\\\/realrefrigeracion.com\\\/#organization\"},\"potentialAction\":[{\"@type\":\"SearchAction\",\"target\":{\"@type\":\"EntryPoint\",\"urlTemplate\":\"https:\\\/\\\/realrefrigeracion.com\\\/?s={search_term_string}\"},\"query-input\":{\"@type\":\"PropertyValueSpecification\",\"valueRequired\":true,\"valueName\":\"search_term_string\"}}],\"inLanguage\":\"en-GB\"},{\"@type\":\"Organization\",\"@id\":\"https:\\\/\\\/realrefrigeracion.com\\\/#organization\",\"name\":\"Real Refrigeraci\u00f3n \u2013 Fabricante de hosteler\u00eda\",\"url\":\"https:\\\/\\\/realrefrigeracion.com\\\/\",\"logo\":{\"@type\":\"ImageObject\",\"inLanguage\":\"en-GB\",\"@id\":\"https:\\\/\\\/realrefrigeracion.com\\\/#\\\/schema\\\/logo\\\/image\\\/\",\"url\":\"https:\\\/\\\/realrefrigeracion.com\\\/wp-content\\\/uploads\\\/2021\\\/02\\\/logo-neve.svg\",\"contentUrl\":\"https:\\\/\\\/realrefrigeracion.com\\\/wp-content\\\/uploads\\\/2021\\\/02\\\/logo-neve.svg\",\"caption\":\"Real Refrigeraci\u00f3n \u2013 Fabricante de hosteler\u00eda\"},\"image\":{\"@id\":\"https:\\\/\\\/realrefrigeracion.com\\\/#\\\/schema\\\/logo\\\/image\\\/\"}}]}<\/script>\n<!-- \/ Yoast SEO plugin. -->","yoast_head_json":{"title":"FABRICACI\u00d3N INOX - Real Refrigeraci\u00f3n \u2013 Fabricante de hosteler\u00eda","robots":{"index":"index","follow":"follow","max-snippet":"max-snippet:-1","max-image-preview":"max-image-preview:large","max-video-preview":"max-video-preview:-1"},"canonical":"https:\/\/realrefrigeracion.com\/en\/fabricacion-inox\/","og_locale":"en_GB","og_type":"article","og_title":"FABRICACI\u00d3N INOX - Real Refrigeraci\u00f3n \u2013 Fabricante de hosteler\u00eda","og_description":"FABRICACI\u00d3N A MEDIDA EN ACERO INOXIDABLE El dise\u00f1o y fabricaci\u00f3n de\u00a0muebles de Acero Inoxidable\u00a0en nuestras instalaciones nos permite acomodarnos a los requerimientos de nuestros Clientes. Somos un referente de la hosteler\u00eda inoxidable, y de la fabricaci\u00f3n de muebles de acero inoxidable sin importar las medidas. Adapt\u00e1ndonos a las dimensiones aprovechando al m\u00e1ximo los espacios. SOMOS LA MARCA EN FABRICACI\u00d3N DE MOBILIARIO EN ACERO INOXIDABLE A MEDIDA Fabricamos a medida y nos adaptamos al espacio del cliente, ofreciendo acabados \u00fanicos y exclusivos. Nuestra carpinter\u00eda de acero inoxidable nos permite crear infinidad de espacios que cubren todas aquellas necesidades y dise\u00f1os para los m\u00e1s exigentes. En Real Refrigeraci\u00f3n\u00a0marcamos la diferencia con la calidad y servicio. En nuestra empresa, nos especializamos en el dise\u00f1o y fabricaci\u00f3n de muebles de acero inoxidable personalizados para satisfacer las necesidades espec\u00edficas de nuestros clientes. Trabajamos en estrecha colaboraci\u00f3n con nuestros clientes para comprender sus necesidades y dise\u00f1ar muebles de acero inoxidable \u00fanicos y funcionales que se adapten perfectamente a sus espacios.","og_url":"https:\/\/realrefrigeracion.com\/en\/fabricacion-inox\/","og_site_name":"Real Refrigeraci\u00f3n \u2013 Fabricante de hosteler\u00eda","article_modified_time":"2023-05-17T12:19:59+00:00","og_image":[{"url":"https:\/\/realrefrigeracion.com\/wp-content\/uploads\/2023\/04\/img-inox-1024x589-1.jpg","type":"","width":"","height":""}],"twitter_card":"summary_large_image","twitter_misc":{"Estimated reading time":"2 minutes"},"schema":{"@context":"https:\/\/schema.org","@graph":[{"@type":"WebPage","@id":"https:\/\/realrefrigeracion.com\/fabricacion-inox\/","url":"https:\/\/realrefrigeracion.com\/fabricacion-inox\/","name":"FABRICACI\u00d3N INOX - Real Refrigeraci\u00f3n \u2013 Fabricante de hosteler\u00eda","isPartOf":{"@id":"https:\/\/realrefrigeracion.com\/#website"},"primaryImageOfPage":{"@id":"https:\/\/realrefrigeracion.com\/fabricacion-inox\/#primaryimage"},"image":{"@id":"https:\/\/realrefrigeracion.com\/fabricacion-inox\/#primaryimage"},"thumbnailUrl":"https:\/\/realrefrigeracion.com\/wp-content\/uploads\/2023\/04\/img-inox-1024x589-1.jpg","datePublished":"2016-01-20T09:07:13+00:00","dateModified":"2023-05-17T12:19:59+00:00","breadcrumb":{"@id":"https:\/\/realrefrigeracion.com\/fabricacion-inox\/#breadcrumb"},"inLanguage":"en-GB","potentialAction":[{"@type":"ReadAction","target":["https:\/\/realrefrigeracion.com\/fabricacion-inox\/"]}]},{"@type":"ImageObject","inLanguage":"en-GB","@id":"https:\/\/realrefrigeracion.com\/fabricacion-inox\/#primaryimage","url":"https:\/\/realrefrigeracion.com\/wp-content\/uploads\/2023\/04\/img-inox-1024x589-1.jpg","contentUrl":"https:\/\/realrefrigeracion.com\/wp-content\/uploads\/2023\/04\/img-inox-1024x589-1.jpg"},{"@type":"BreadcrumbList","@id":"https:\/\/realrefrigeracion.com\/fabricacion-inox\/#breadcrumb","itemListElement":[{"@type":"ListItem","position":1,"name":"Portada","item":"https:\/\/realrefrigeracion.com\/"},{"@type":"ListItem","position":2,"name":"FABRICACI\u00d3N INOX"}]},{"@type":"WebSite","@id":"https:\/\/realrefrigeracion.com\/#website","url":"https:\/\/realrefrigeracion.com\/","name":"Real Refrigeraci\u00f3n \u2013 Fabricante de hosteler\u00eda","description":"","publisher":{"@id":"https:\/\/realrefrigeracion.com\/#organization"},"potentialAction":[{"@type":"SearchAction","target":{"@type":"EntryPoint","urlTemplate":"https:\/\/realrefrigeracion.com\/?s={search_term_string}"},"query-input":{"@type":"PropertyValueSpecification","valueRequired":true,"valueName":"search_term_string"}}],"inLanguage":"en-GB"},{"@type":"Organization","@id":"https:\/\/realrefrigeracion.com\/#organization","name":"Real Refrigeraci\u00f3n \u2013 Fabricante de hosteler\u00eda","url":"https:\/\/realrefrigeracion.com\/","logo":{"@type":"ImageObject","inLanguage":"en-GB","@id":"https:\/\/realrefrigeracion.com\/#\/schema\/logo\/image\/","url":"https:\/\/realrefrigeracion.com\/wp-content\/uploads\/2021\/02\/logo-neve.svg","contentUrl":"https:\/\/realrefrigeracion.com\/wp-content\/uploads\/2021\/02\/logo-neve.svg","caption":"Real Refrigeraci\u00f3n \u2013 Fabricante de hosteler\u00eda"},"image":{"@id":"https:\/\/realrefrigeracion.com\/#\/schema\/logo\/image\/"}}]}},"_links":{"self":[{"href":"https:\/\/realrefrigeracion.com\/en\/wp-json\/wp\/v2\/pages\/1514","targetHints":{"allow":["GET"]}}],"collection":[{"href":"https:\/\/realrefrigeracion.com\/en\/wp-json\/wp\/v2\/pages"}],"about":[{"href":"https:\/\/realrefrigeracion.com\/en\/wp-json\/wp\/v2\/types\/page"}],"author":[{"embeddable":true,"href":"https:\/\/realrefrigeracion.com\/en\/wp-json\/wp\/v2\/users\/1"}],"replies":[{"embeddable":true,"href":"https:\/\/realrefrigeracion.com\/en\/wp-json\/wp\/v2\/comments?post=1514"}],"version-history":[{"count":17,"href":"https:\/\/realrefrigeracion.com\/en\/wp-json\/wp\/v2\/pages\/1514\/revisions"}],"predecessor-version":[{"id":4024,"href":"https:\/\/realrefrigeracion.com\/en\/wp-json\/wp\/v2\/pages\/1514\/revisions\/4024"}],"wp:attachment":[{"href":"https:\/\/realrefrigeracion.com\/en\/wp-json\/wp\/v2\/media?parent=1514"}],"curies":[{"name":"wp","href":"https:\/\/api.w.org\/{rel}","templated":true}]}}