{"id":1512,"date":"2016-01-20T09:06:47","date_gmt":"2016-01-20T09:06:47","guid":{"rendered":"http:\/\/anpsthemes.com\/construction\/?page_id=1512"},"modified":"2023-05-17T12:11:33","modified_gmt":"2023-05-17T12:11:33","slug":"camara-frigorifica","status":"publish","type":"page","link":"https:\/\/realrefrigeracion.com\/en\/camara-frigorifica\/","title":{"rendered":"COLD ROOMS"},"content":{"rendered":"<div data-elementor-type=\"wp-page\" data-elementor-id=\"1512\" class=\"elementor elementor-1512\">\n\t\t\t\t\t\t\t\t\t<section class=\"elementor-section elementor-top-section elementor-element elementor-element-11a44c6 elementor-section-boxed elementor-section-height-default elementor-section-height-default wpr-particle-no wpr-jarallax-no wpr-parallax-no wpr-sticky-section-no\" data-id=\"11a44c6\" data-element_type=\"section\">\n\t\t\t\t\t\t<div class=\"elementor-container elementor-column-gap-default\">\n\t\t\t\t\t<div class=\"elementor-column elementor-col-100 elementor-top-column elementor-element elementor-element-491d60c\" data-id=\"491d60c\" data-element_type=\"column\">\n\t\t\t<div class=\"elementor-widget-wrap elementor-element-populated\">\n\t\t\t\t\t\t\t\t<section class=\"elementor-section elementor-inner-section elementor-element elementor-element-e78b457 elementor-section-boxed elementor-section-height-default elementor-section-height-default wpr-particle-no wpr-jarallax-no wpr-parallax-no wpr-sticky-section-no\" data-id=\"e78b457\" data-element_type=\"section\">\n\t\t\t\t\t\t<div class=\"elementor-container elementor-column-gap-default\">\n\t\t\t\t\t<div class=\"elementor-column elementor-col-50 elementor-inner-column elementor-element elementor-element-9117a87\" data-id=\"9117a87\" data-element_type=\"column\">\n\t\t\t<div class=\"elementor-widget-wrap elementor-element-populated\">\n\t\t\t\t\t\t\t\t<div class=\"elementor-element elementor-element-3bc5a69 elementor-widget__width-auto elementor-widget elementor-widget-image\" data-id=\"3bc5a69\" data-element_type=\"widget\" data-widget_type=\"image.default\">\n\t\t\t\t<div class=\"elementor-widget-container\">\n\t\t\t<style>\/*! elementor - v3.15.0 - 09-08-2023 *\/\n.elementor-widget-image{text-align:center}.elementor-widget-image a{display:inline-block}.elementor-widget-image a img[src$=\".svg\"]{width:48px}.elementor-widget-image img{vertical-align:middle;display:inline-block}<\/style>\t\t\t\t\t\t\t\t\t\t\t\t<img loading=\"lazy\" decoding=\"async\" width=\"722\" height=\"368\" src=\"https:\/\/realrefrigeracion.com\/wp-content\/uploads\/2023\/04\/2-3-722x368-1.jpg\" class=\"attachment-large size-large wp-image-3762\" alt=\"Fabricantes de C\u00e1maras frigorificas\" srcset=\"https:\/\/realrefrigeracion.com\/wp-content\/uploads\/2023\/04\/2-3-722x368-1.jpg 722w, https:\/\/realrefrigeracion.com\/wp-content\/uploads\/2023\/04\/2-3-722x368-1-300x153.jpg 300w, https:\/\/realrefrigeracion.com\/wp-content\/uploads\/2023\/04\/2-3-722x368-1-18x9.jpg 18w\" sizes=\"auto, (max-width: 722px) 100vw, 722px\" \/>\t\t\t\t\t\t\t\t\t\t\t\t\t\t\t<\/div>\n\t\t\t\t<\/div>\n\t\t\t\t<div class=\"elementor-element elementor-element-6b48e58 elementor-widget elementor-widget-text-editor\" data-id=\"6b48e58\" data-element_type=\"widget\" data-widget_type=\"text-editor.default\">\n\t\t\t\t<div class=\"elementor-widget-container\">\n\t\t\t<style>\/*! elementor - v3.15.0 - 09-08-2023 *\/\n.elementor-widget-text-editor.elementor-drop-cap-view-stacked .elementor-drop-cap{background-color:#69727d;color:#fff}.elementor-widget-text-editor.elementor-drop-cap-view-framed .elementor-drop-cap{color:#69727d;border:3px solid;background-color:transparent}.elementor-widget-text-editor:not(.elementor-drop-cap-view-default) .elementor-drop-cap{margin-top:8px}.elementor-widget-text-editor:not(.elementor-drop-cap-view-default) .elementor-drop-cap-letter{width:1em;height:1em}.elementor-widget-text-editor .elementor-drop-cap{float:left;text-align:center;line-height:1;font-size:50px}.elementor-widget-text-editor .elementor-drop-cap-letter{display:inline-block}<\/style>\t\t\t\t<h2 class=\"vc_custom_heading title\">INSULATED COLD ROOMS<\/h2><div class=\"wpb_text_column wpb_content_element\"><div class=\"wpb_wrapper\"><p>Formation of isolated enclosures for the storage of refrigerated or frozen foods at an industrial level, among other applications. Different types of industrial panel with various insulations (polyurethane, rock wool, etc.) tailored to the needs of the product. Assembly by tongue and groove, allowing quick tightening and perfect alignment of the refrigerated area. Wide variety of access systems, pivot doors, sliding doors, swing doors, guillotine doors, sectional doors, canvas doors, etc.<\/p><p>It meets the strictest thermal insulation requirements of the agri-food industries and allows the creation of production, processing and packaging premises; refrigerated and chemical warehouses; storage of pharmaceutical industry, etc. Special solutions with certificate of fire resistance even in temperatures below zero.<\/p><\/div><\/div>\t\t\t\t\t\t<\/div>\n\t\t\t\t<\/div>\n\t\t\t\t\t<\/div>\n\t\t<\/div>\n\t\t\t\t<div class=\"elementor-column elementor-col-50 elementor-inner-column elementor-element elementor-element-774184e\" data-id=\"774184e\" data-element_type=\"column\">\n\t\t\t<div class=\"elementor-widget-wrap elementor-element-populated\">\n\t\t\t\t\t\t\t\t<div class=\"elementor-element elementor-element-7a9812c elementor-widget elementor-widget-text-editor\" data-id=\"7a9812c\" data-element_type=\"widget\" data-widget_type=\"text-editor.default\">\n\t\t\t\t<div class=\"elementor-widget-container\">\n\t\t\t\t\t\t\t<h2 class=\"vc_custom_heading title\">MANUFACTURING<\/h2><div class=\"wpb_text_column wpb_content_element\"><div class=\"wpb_wrapper\"><p><strong>COLD ROOMS<\/strong>\u00a0modular or customized with our own technology and engineering for any type of application, sector and business. Our specialty is providing our clients with enclosures and their refrigeration specifically adapted to the products to be preserved and the precise requirements of each type of business.<\/p><p>We build refrigeration facilities adapted to the current needs of the industrial and commercial refrigeration market. Ask us and we will help you establish the characteristics of the cold room you need.<\/p><\/div><\/div>\t\t\t\t\t\t<\/div>\n\t\t\t\t<\/div>\n\t\t\t\t<div class=\"elementor-element elementor-element-d3995fb elementor-widget elementor-widget-text-editor\" data-id=\"d3995fb\" data-element_type=\"widget\" data-widget_type=\"text-editor.default\">\n\t\t\t\t<div class=\"elementor-widget-container\">\n\t\t\t\t\t\t\t<h2 class=\"vc_custom_heading title\">COLD ROOMS WITH DIVISIONS<\/h2><div class=\"wpb_text_column wpb_content_element\"><div class=\"wpb_wrapper\"><p>We design and carry out the lining of premises, including divisions, which can form food handling rooms, industrial cold rooms, kitchens, work rooms, etc. incorporating the accesses to the different rooms through the appropriate doors (refrigerating, swing, service, fast, etc.), all with the advantages of having the rooms thermally insulated and a perfect finish that complies with health regulations. Ideal for generating cold and refrigeration for a food industry and for all those that require compartmentalization and customization both in structure and in temperature.<\/p><\/div><\/div>\t\t\t\t\t\t<\/div>\n\t\t\t\t<\/div>\n\t\t\t\t\t<\/div>\n\t\t<\/div>\n\t\t\t\t\t\t\t<\/div>\n\t\t<\/section>\n\t\t\t\t<section class=\"elementor-section elementor-inner-section elementor-element elementor-element-345a4ad elementor-section-boxed elementor-section-height-default elementor-section-height-default wpr-particle-no wpr-jarallax-no wpr-parallax-no wpr-sticky-section-no\" data-id=\"345a4ad\" data-element_type=\"section\" data-settings=\"{&quot;background_background&quot;:&quot;classic&quot;}\">\n\t\t\t\t\t\t<div class=\"elementor-container elementor-column-gap-default\">\n\t\t\t\t\t<div class=\"elementor-column elementor-col-100 elementor-inner-column elementor-element elementor-element-5df1699\" data-id=\"5df1699\" data-element_type=\"column\">\n\t\t\t<div class=\"elementor-widget-wrap elementor-element-populated\">\n\t\t\t\t\t\t\t\t<div class=\"elementor-element elementor-element-07a0271 elementor-widget__width-auto elementor-widget elementor-widget-text-editor\" data-id=\"07a0271\" data-element_type=\"widget\" data-widget_type=\"text-editor.default\">\n\t\t\t\t<div class=\"elementor-widget-container\">\n\t\t\t\t\t\t\t<h4>Do you need a cold room? Request a budget without commitment<\/h4>\t\t\t\t\t\t<\/div>\n\t\t\t\t<\/div>\n\t\t\t\t<div class=\"elementor-element elementor-element-a60e731 elementor-align-right elementor-widget elementor-widget-button\" data-id=\"a60e731\" data-element_type=\"widget\" data-widget_type=\"button.default\">\n\t\t\t\t<div class=\"elementor-widget-container\">\n\t\t\t\t\t<div class=\"elementor-button-wrapper\">\n\t\t\t<a class=\"elementor-button elementor-button-link elementor-size-xs\" href=\"https:\/\/realrefrigeracion.com\/en\/contacto\/\">\n\t\t\t\t\t\t<span class=\"elementor-button-content-wrapper\">\n\t\t\t\t\t\t<span class=\"elementor-button-text\">Request<\/span>\n\t\t<\/span>\n\t\t\t\t\t<\/a>\n\t\t<\/div>\n\t\t\t\t<\/div>\n\t\t\t\t<\/div>\n\t\t\t\t\t<\/div>\n\t\t<\/div>\n\t\t\t\t\t\t\t<\/div>\n\t\t<\/section>\n\t\t\t\t\t<\/div>\n\t\t<\/div>\n\t\t\t\t\t\t\t<\/div>\n\t\t<\/section>\n\t\t\t\t\t\t\t<\/div>","protected":false},"excerpt":{"rendered":"<p>C\u00c1MARAS FRIGOR\u00cdFICAS AISLADAS Formaci\u00f3n de recintos aislados destinados a almacenaje de refrigerados o congelados a nivel industrial, entre otras aplicaciones. Diferentes tipos de panel industrial con aislamientos varios (poliuretano, lana de roca, etc.) a medida de las necesidades del producto. Ensamble mediante machiembrado, permitiendo un apriete r\u00e1pido y una alineaci\u00f3n perfecta del recinto frigor\u00edfico. Gran variedad en sistema de accesos, puertas pivotantes, correderas, de vaiv\u00e9n, guillotina, seccionales, de lona, etc. Responde a las exigencias m\u00e1s estrictas de aislamiento t\u00e9rmico de las industrias agroalimentarias y permite la realizaci\u00f3n de locales de producci\u00f3n, de transformaci\u00f3n y de envase; dep\u00f3sitos frigor\u00edficos y qu\u00edmicos; almacenaje de industria farmac\u00e9utica, etc. Soluciones especiales con certificado de resistencia al fuego incluso en temperaturas bajo cero. FABRICACI\u00d3N C\u00c1MARAS FRIGOR\u00cdFICAS\u00a0modulares o a medida con tecnolog\u00eda e ingenier\u00eda propias para cualquier tipo de aplicaci\u00f3n, sector y negocio. Nuestra especialidad es proporcionar a nuestros clientes los recintos y la refrigeraci\u00f3n de los mismos adaptados espec\u00edficamente a los productos a conservar y a los requisitos precisos de\u00a0cada tipo de negocio. Constru\u00edmos instalaciones frigor\u00edficas adecuadas a las necesidades actuales del mercado del fr\u00edo industrial y comercial. Cons\u00faltenos y le ayudaremos a establecer las caracter\u00edsticas de la c\u00e1mara frigor\u00edfica que necesita. C\u00c1MARAS FRIGOR\u00cdFICAS CON DIVISIONES Dise\u00f1amos y realizamos el forrado de locales, incluyendo divisiones, que pueden formar salas de manipulaci\u00f3n de alimentos, c\u00e1maras frigor\u00edficas industriales, cocinas, salas de trabajo, etc. incorporando los accesos a las distintas habitaciones\u00a0mediante las puertas adecuadas (frigor\u00edficas, de vaiv\u00e9n, de servicio, r\u00e1pidas, etc.), todo con las ventajas de tener los recintos aislados t\u00e9rmicamente y un acabado perfecto que cumple con la normativa sanitaria. Ideal para generar el fr\u00edo y la refrigeraci\u00f3n de una industria alimentaria y\u00a0de todas aquellas que precisen compartimentaci\u00f3n y personalizaci\u00f3n tanto en estructura como en temperatura. \u00bfNecesitas una c\u00e1mara frigor\u00edfica ? Pide presupuesto sin compromiso Solicitar<\/p>","protected":false},"author":1,"featured_media":0,"parent":0,"menu_order":0,"comment_status":"closed","ping_status":"closed","template":"","meta":{"neve_meta_sidebar":"","neve_meta_container":"","neve_meta_enable_content_width":"off","neve_meta_content_width":100,"neve_meta_title_alignment":"","neve_meta_author_avatar":"","neve_post_elements_order":"","neve_meta_disable_header":"","neve_meta_disable_footer":"","neve_meta_disable_title":"","_themeisle_gutenberg_block_has_review":false,"_ti_tpc_template_sync":false,"_ti_tpc_template_id":"","footnotes":""},"class_list":["post-1512","page","type-page","status-publish","hentry"],"yoast_head":"<!-- This site is optimized with the Yoast SEO plugin v27.4 - https:\/\/yoast.com\/product\/yoast-seo-wordpress\/ -->\n<title>C\u00c1MARAS FRIGOR\u00cdFICAS - Real Refrigeraci\u00f3n \u2013 Fabricante de hosteler\u00eda<\/title>\n<meta name=\"robots\" content=\"index, follow, max-snippet:-1, max-image-preview:large, max-video-preview:-1\" \/>\n<link rel=\"canonical\" href=\"https:\/\/realrefrigeracion.com\/en\/camara-frigorifica\/\" \/>\n<meta property=\"og:locale\" content=\"en_GB\" \/>\n<meta property=\"og:type\" content=\"article\" \/>\n<meta property=\"og:title\" content=\"C\u00c1MARAS FRIGOR\u00cdFICAS - Real Refrigeraci\u00f3n \u2013 Fabricante de hosteler\u00eda\" \/>\n<meta property=\"og:description\" content=\"C\u00c1MARAS FRIGOR\u00cdFICAS AISLADAS Formaci\u00f3n de recintos aislados destinados a almacenaje de refrigerados o congelados a nivel industrial, entre otras aplicaciones. Diferentes tipos de panel industrial con aislamientos varios (poliuretano, lana de roca, etc.) a medida de las necesidades del producto. Ensamble mediante machiembrado, permitiendo un apriete r\u00e1pido y una alineaci\u00f3n perfecta del recinto frigor\u00edfico. Gran variedad en sistema de accesos, puertas pivotantes, correderas, de vaiv\u00e9n, guillotina, seccionales, de lona, etc. Responde a las exigencias m\u00e1s estrictas de aislamiento t\u00e9rmico de las industrias agroalimentarias y permite la realizaci\u00f3n de locales de producci\u00f3n, de transformaci\u00f3n y de envase; dep\u00f3sitos frigor\u00edficos y qu\u00edmicos; almacenaje de industria farmac\u00e9utica, etc. Soluciones especiales con certificado de resistencia al fuego incluso en temperaturas bajo cero. FABRICACI\u00d3N C\u00c1MARAS FRIGOR\u00cdFICAS\u00a0modulares o a medida con tecnolog\u00eda e ingenier\u00eda propias para cualquier tipo de aplicaci\u00f3n, sector y negocio. Nuestra especialidad es proporcionar a nuestros clientes los recintos y la refrigeraci\u00f3n de los mismos adaptados espec\u00edficamente a los productos a conservar y a los requisitos precisos de\u00a0cada tipo de negocio. Constru\u00edmos instalaciones frigor\u00edficas adecuadas a las necesidades actuales del mercado del fr\u00edo industrial y comercial. Cons\u00faltenos y le ayudaremos a establecer las caracter\u00edsticas de la c\u00e1mara frigor\u00edfica que necesita. C\u00c1MARAS FRIGOR\u00cdFICAS CON DIVISIONES Dise\u00f1amos y realizamos el forrado de locales, incluyendo divisiones, que pueden formar salas de manipulaci\u00f3n de alimentos, c\u00e1maras frigor\u00edficas industriales, cocinas, salas de trabajo, etc. incorporando los accesos a las distintas habitaciones\u00a0mediante las puertas adecuadas (frigor\u00edficas, de vaiv\u00e9n, de servicio, r\u00e1pidas, etc.), todo con las ventajas de tener los recintos aislados t\u00e9rmicamente y un acabado perfecto que cumple con la normativa sanitaria. Ideal para generar el fr\u00edo y la refrigeraci\u00f3n de una industria alimentaria y\u00a0de todas aquellas que precisen compartimentaci\u00f3n y personalizaci\u00f3n tanto en estructura como en temperatura. \u00bfNecesitas una c\u00e1mara frigor\u00edfica ? Pide presupuesto sin compromiso Solicitar\" \/>\n<meta property=\"og:url\" content=\"https:\/\/realrefrigeracion.com\/en\/camara-frigorifica\/\" \/>\n<meta property=\"og:site_name\" content=\"Real Refrigeraci\u00f3n \u2013 Fabricante de hosteler\u00eda\" \/>\n<meta property=\"article:modified_time\" content=\"2023-05-17T12:11:33+00:00\" \/>\n<meta property=\"og:image\" content=\"https:\/\/realrefrigeracion.com\/wp-content\/uploads\/2023\/04\/2-3-722x368-1.jpg\" \/>\n<meta name=\"twitter:card\" content=\"summary_large_image\" \/>\n<meta name=\"twitter:label1\" content=\"Estimated reading time\" \/>\n\t<meta name=\"twitter:data1\" content=\"2 minutes\" \/>\n<script type=\"application\/ld+json\" class=\"yoast-schema-graph\">{\"@context\":\"https:\\\/\\\/schema.org\",\"@graph\":[{\"@type\":\"WebPage\",\"@id\":\"https:\\\/\\\/realrefrigeracion.com\\\/camara-frigorifica\\\/\",\"url\":\"https:\\\/\\\/realrefrigeracion.com\\\/camara-frigorifica\\\/\",\"name\":\"C\u00c1MARAS FRIGOR\u00cdFICAS - Real Refrigeraci\u00f3n \u2013 Fabricante de hosteler\u00eda\",\"isPartOf\":{\"@id\":\"https:\\\/\\\/realrefrigeracion.com\\\/#website\"},\"primaryImageOfPage\":{\"@id\":\"https:\\\/\\\/realrefrigeracion.com\\\/camara-frigorifica\\\/#primaryimage\"},\"image\":{\"@id\":\"https:\\\/\\\/realrefrigeracion.com\\\/camara-frigorifica\\\/#primaryimage\"},\"thumbnailUrl\":\"https:\\\/\\\/realrefrigeracion.com\\\/wp-content\\\/uploads\\\/2023\\\/04\\\/2-3-722x368-1.jpg\",\"datePublished\":\"2016-01-20T09:06:47+00:00\",\"dateModified\":\"2023-05-17T12:11:33+00:00\",\"breadcrumb\":{\"@id\":\"https:\\\/\\\/realrefrigeracion.com\\\/camara-frigorifica\\\/#breadcrumb\"},\"inLanguage\":\"en-GB\",\"potentialAction\":[{\"@type\":\"ReadAction\",\"target\":[\"https:\\\/\\\/realrefrigeracion.com\\\/camara-frigorifica\\\/\"]}]},{\"@type\":\"ImageObject\",\"inLanguage\":\"en-GB\",\"@id\":\"https:\\\/\\\/realrefrigeracion.com\\\/camara-frigorifica\\\/#primaryimage\",\"url\":\"https:\\\/\\\/realrefrigeracion.com\\\/wp-content\\\/uploads\\\/2023\\\/04\\\/2-3-722x368-1.jpg\",\"contentUrl\":\"https:\\\/\\\/realrefrigeracion.com\\\/wp-content\\\/uploads\\\/2023\\\/04\\\/2-3-722x368-1.jpg\"},{\"@type\":\"BreadcrumbList\",\"@id\":\"https:\\\/\\\/realrefrigeracion.com\\\/camara-frigorifica\\\/#breadcrumb\",\"itemListElement\":[{\"@type\":\"ListItem\",\"position\":1,\"name\":\"Portada\",\"item\":\"https:\\\/\\\/realrefrigeracion.com\\\/\"},{\"@type\":\"ListItem\",\"position\":2,\"name\":\"C\u00c1MARAS FRIGOR\u00cdFICAS\"}]},{\"@type\":\"WebSite\",\"@id\":\"https:\\\/\\\/realrefrigeracion.com\\\/#website\",\"url\":\"https:\\\/\\\/realrefrigeracion.com\\\/\",\"name\":\"Real Refrigeraci\u00f3n \u2013 Fabricante de hosteler\u00eda\",\"description\":\"\",\"publisher\":{\"@id\":\"https:\\\/\\\/realrefrigeracion.com\\\/#organization\"},\"potentialAction\":[{\"@type\":\"SearchAction\",\"target\":{\"@type\":\"EntryPoint\",\"urlTemplate\":\"https:\\\/\\\/realrefrigeracion.com\\\/?s={search_term_string}\"},\"query-input\":{\"@type\":\"PropertyValueSpecification\",\"valueRequired\":true,\"valueName\":\"search_term_string\"}}],\"inLanguage\":\"en-GB\"},{\"@type\":\"Organization\",\"@id\":\"https:\\\/\\\/realrefrigeracion.com\\\/#organization\",\"name\":\"Real Refrigeraci\u00f3n \u2013 Fabricante de hosteler\u00eda\",\"url\":\"https:\\\/\\\/realrefrigeracion.com\\\/\",\"logo\":{\"@type\":\"ImageObject\",\"inLanguage\":\"en-GB\",\"@id\":\"https:\\\/\\\/realrefrigeracion.com\\\/#\\\/schema\\\/logo\\\/image\\\/\",\"url\":\"https:\\\/\\\/realrefrigeracion.com\\\/wp-content\\\/uploads\\\/2021\\\/02\\\/logo-neve.svg\",\"contentUrl\":\"https:\\\/\\\/realrefrigeracion.com\\\/wp-content\\\/uploads\\\/2021\\\/02\\\/logo-neve.svg\",\"caption\":\"Real Refrigeraci\u00f3n \u2013 Fabricante de hosteler\u00eda\"},\"image\":{\"@id\":\"https:\\\/\\\/realrefrigeracion.com\\\/#\\\/schema\\\/logo\\\/image\\\/\"}}]}<\/script>\n<!-- \/ Yoast SEO plugin. -->","yoast_head_json":{"title":"C\u00c1MARAS FRIGOR\u00cdFICAS - Real Refrigeraci\u00f3n \u2013 Fabricante de hosteler\u00eda","robots":{"index":"index","follow":"follow","max-snippet":"max-snippet:-1","max-image-preview":"max-image-preview:large","max-video-preview":"max-video-preview:-1"},"canonical":"https:\/\/realrefrigeracion.com\/en\/camara-frigorifica\/","og_locale":"en_GB","og_type":"article","og_title":"C\u00c1MARAS FRIGOR\u00cdFICAS - Real Refrigeraci\u00f3n \u2013 Fabricante de hosteler\u00eda","og_description":"C\u00c1MARAS FRIGOR\u00cdFICAS AISLADAS Formaci\u00f3n de recintos aislados destinados a almacenaje de refrigerados o congelados a nivel industrial, entre otras aplicaciones. Diferentes tipos de panel industrial con aislamientos varios (poliuretano, lana de roca, etc.) a medida de las necesidades del producto. Ensamble mediante machiembrado, permitiendo un apriete r\u00e1pido y una alineaci\u00f3n perfecta del recinto frigor\u00edfico. Gran variedad en sistema de accesos, puertas pivotantes, correderas, de vaiv\u00e9n, guillotina, seccionales, de lona, etc. Responde a las exigencias m\u00e1s estrictas de aislamiento t\u00e9rmico de las industrias agroalimentarias y permite la realizaci\u00f3n de locales de producci\u00f3n, de transformaci\u00f3n y de envase; dep\u00f3sitos frigor\u00edficos y qu\u00edmicos; almacenaje de industria farmac\u00e9utica, etc. Soluciones especiales con certificado de resistencia al fuego incluso en temperaturas bajo cero. FABRICACI\u00d3N C\u00c1MARAS FRIGOR\u00cdFICAS\u00a0modulares o a medida con tecnolog\u00eda e ingenier\u00eda propias para cualquier tipo de aplicaci\u00f3n, sector y negocio. Nuestra especialidad es proporcionar a nuestros clientes los recintos y la refrigeraci\u00f3n de los mismos adaptados espec\u00edficamente a los productos a conservar y a los requisitos precisos de\u00a0cada tipo de negocio. Constru\u00edmos instalaciones frigor\u00edficas adecuadas a las necesidades actuales del mercado del fr\u00edo industrial y comercial. Cons\u00faltenos y le ayudaremos a establecer las caracter\u00edsticas de la c\u00e1mara frigor\u00edfica que necesita. C\u00c1MARAS FRIGOR\u00cdFICAS CON DIVISIONES Dise\u00f1amos y realizamos el forrado de locales, incluyendo divisiones, que pueden formar salas de manipulaci\u00f3n de alimentos, c\u00e1maras frigor\u00edficas industriales, cocinas, salas de trabajo, etc. incorporando los accesos a las distintas habitaciones\u00a0mediante las puertas adecuadas (frigor\u00edficas, de vaiv\u00e9n, de servicio, r\u00e1pidas, etc.), todo con las ventajas de tener los recintos aislados t\u00e9rmicamente y un acabado perfecto que cumple con la normativa sanitaria. Ideal para generar el fr\u00edo y la refrigeraci\u00f3n de una industria alimentaria y\u00a0de todas aquellas que precisen compartimentaci\u00f3n y personalizaci\u00f3n tanto en estructura como en temperatura. \u00bfNecesitas una c\u00e1mara frigor\u00edfica ? Pide presupuesto sin compromiso Solicitar","og_url":"https:\/\/realrefrigeracion.com\/en\/camara-frigorifica\/","og_site_name":"Real Refrigeraci\u00f3n \u2013 Fabricante de hosteler\u00eda","article_modified_time":"2023-05-17T12:11:33+00:00","og_image":[{"url":"https:\/\/realrefrigeracion.com\/wp-content\/uploads\/2023\/04\/2-3-722x368-1.jpg","type":"","width":"","height":""}],"twitter_card":"summary_large_image","twitter_misc":{"Estimated reading time":"2 minutes"},"schema":{"@context":"https:\/\/schema.org","@graph":[{"@type":"WebPage","@id":"https:\/\/realrefrigeracion.com\/camara-frigorifica\/","url":"https:\/\/realrefrigeracion.com\/camara-frigorifica\/","name":"C\u00c1MARAS FRIGOR\u00cdFICAS - Real Refrigeraci\u00f3n \u2013 Fabricante de hosteler\u00eda","isPartOf":{"@id":"https:\/\/realrefrigeracion.com\/#website"},"primaryImageOfPage":{"@id":"https:\/\/realrefrigeracion.com\/camara-frigorifica\/#primaryimage"},"image":{"@id":"https:\/\/realrefrigeracion.com\/camara-frigorifica\/#primaryimage"},"thumbnailUrl":"https:\/\/realrefrigeracion.com\/wp-content\/uploads\/2023\/04\/2-3-722x368-1.jpg","datePublished":"2016-01-20T09:06:47+00:00","dateModified":"2023-05-17T12:11:33+00:00","breadcrumb":{"@id":"https:\/\/realrefrigeracion.com\/camara-frigorifica\/#breadcrumb"},"inLanguage":"en-GB","potentialAction":[{"@type":"ReadAction","target":["https:\/\/realrefrigeracion.com\/camara-frigorifica\/"]}]},{"@type":"ImageObject","inLanguage":"en-GB","@id":"https:\/\/realrefrigeracion.com\/camara-frigorifica\/#primaryimage","url":"https:\/\/realrefrigeracion.com\/wp-content\/uploads\/2023\/04\/2-3-722x368-1.jpg","contentUrl":"https:\/\/realrefrigeracion.com\/wp-content\/uploads\/2023\/04\/2-3-722x368-1.jpg"},{"@type":"BreadcrumbList","@id":"https:\/\/realrefrigeracion.com\/camara-frigorifica\/#breadcrumb","itemListElement":[{"@type":"ListItem","position":1,"name":"Portada","item":"https:\/\/realrefrigeracion.com\/"},{"@type":"ListItem","position":2,"name":"C\u00c1MARAS FRIGOR\u00cdFICAS"}]},{"@type":"WebSite","@id":"https:\/\/realrefrigeracion.com\/#website","url":"https:\/\/realrefrigeracion.com\/","name":"Real Refrigeraci\u00f3n \u2013 Fabricante de hosteler\u00eda","description":"","publisher":{"@id":"https:\/\/realrefrigeracion.com\/#organization"},"potentialAction":[{"@type":"SearchAction","target":{"@type":"EntryPoint","urlTemplate":"https:\/\/realrefrigeracion.com\/?s={search_term_string}"},"query-input":{"@type":"PropertyValueSpecification","valueRequired":true,"valueName":"search_term_string"}}],"inLanguage":"en-GB"},{"@type":"Organization","@id":"https:\/\/realrefrigeracion.com\/#organization","name":"Real Refrigeraci\u00f3n \u2013 Fabricante de hosteler\u00eda","url":"https:\/\/realrefrigeracion.com\/","logo":{"@type":"ImageObject","inLanguage":"en-GB","@id":"https:\/\/realrefrigeracion.com\/#\/schema\/logo\/image\/","url":"https:\/\/realrefrigeracion.com\/wp-content\/uploads\/2021\/02\/logo-neve.svg","contentUrl":"https:\/\/realrefrigeracion.com\/wp-content\/uploads\/2021\/02\/logo-neve.svg","caption":"Real Refrigeraci\u00f3n \u2013 Fabricante de hosteler\u00eda"},"image":{"@id":"https:\/\/realrefrigeracion.com\/#\/schema\/logo\/image\/"}}]}},"_links":{"self":[{"href":"https:\/\/realrefrigeracion.com\/en\/wp-json\/wp\/v2\/pages\/1512","targetHints":{"allow":["GET"]}}],"collection":[{"href":"https:\/\/realrefrigeracion.com\/en\/wp-json\/wp\/v2\/pages"}],"about":[{"href":"https:\/\/realrefrigeracion.com\/en\/wp-json\/wp\/v2\/types\/page"}],"author":[{"embeddable":true,"href":"https:\/\/realrefrigeracion.com\/en\/wp-json\/wp\/v2\/users\/1"}],"replies":[{"embeddable":true,"href":"https:\/\/realrefrigeracion.com\/en\/wp-json\/wp\/v2\/comments?post=1512"}],"version-history":[{"count":15,"href":"https:\/\/realrefrigeracion.com\/en\/wp-json\/wp\/v2\/pages\/1512\/revisions"}],"predecessor-version":[{"id":4005,"href":"https:\/\/realrefrigeracion.com\/en\/wp-json\/wp\/v2\/pages\/1512\/revisions\/4005"}],"wp:attachment":[{"href":"https:\/\/realrefrigeracion.com\/en\/wp-json\/wp\/v2\/media?parent=1512"}],"curies":[{"name":"wp","href":"https:\/\/api.w.org\/{rel}","templated":true}]}}